{"id":13,"date":"2017-10-17T16:49:52","date_gmt":"2017-10-17T16:49:52","guid":{"rendered":"https:\/\/themes.themeenergy.com\/bookyourtravel\/travel-guide\/?page_id=13"},"modified":"2026-04-16T09:41:54","modified_gmt":"2026-04-16T07:41:54","slug":"accueil","status":"publish","type":"page","link":"https:\/\/tanzadream.com\/en\/","title":{"rendered":"Accueil"},"content":{"rendered":"<section class=\"wpb-content-wrapper\">\t\t<div data-elementor-type=\"wp-page\" data-elementor-id=\"13\" class=\"elementor elementor-13\" data-elementor-post-type=\"page\">\n\t\t\t\t<div class=\"elementor-element elementor-element-5d6e2fab e-flex e-con-boxed e-con e-parent\" data-id=\"5d6e2fab\" data-element_type=\"container\" data-e-type=\"container\">\n\t\t\t\t\t<div class=\"e-con-inner\">\n\t\t\t\t<div class=\"elementor-element elementor-element-3033933c elementor-widget elementor-widget-text-editor\" data-id=\"3033933c\" data-element_type=\"widget\" data-e-type=\"widget\" data-widget_type=\"text-editor.default\">\n\t\t\t\t<div class=\"elementor-widget-container\">\n\t\t\t\t\t\t\t\t\t<div data-vc-full-width=\"true\" data-vc-full-width-init=\"false\" class=\"vc_row wpb_row vc_row-fluid vc_custom_1700579605536 vc_row-has-fill\"><div class=\"wpb_column vc_column_container vc_col-sm-6\"><div class=\"vc_column-inner\"><div class=\"wpb_wrapper\"><h2 style=\"font-size: 52px;color: #b5884d;line-height: 1;text-align: left;font-family:Montserrat;font-weight:700;font-style:normal\" class=\"vc_custom_heading subtitles vc_custom_1700580723336\" >TANZADREAM<\/h2><\/div><\/div><\/div><div class=\"wpb_column vc_column_container vc_col-sm-6\"><div class=\"vc_column-inner\"><div class=\"wpb_wrapper\">\n\t<div class=\"wpb_text_column wpb_content_element  vc_custom_1700579644241\" >\n\t\t<div class=\"wpb_wrapper\">\n\t\t\t<p><strong><span style=\"color: #b5884d;\">Tanzadream, votre sp\u00e9cialiste en planification d&rsquo;activit\u00e9s et d&rsquo;h\u00e9bergement, vous offre un voyage sur-mesure en Tanzanie et \u00e0 Zanzibar pour des souvenirs m\u00e9morables.<\/span><\/strong><\/p>\n<p>\u00a0<\/p>\n\n\t\t<\/div>\n\t<\/div>\n<\/div><\/div><\/div><\/div><div class=\"vc_row-full-width vc_clearfix\"><\/div><div id=\"escapades-row\" data-vc-full-width=\"true\" data-vc-full-width-init=\"false\" data-vc-stretch-content=\"true\" class=\"vc_row wpb_row vc_row-fluid vc_custom_1700059786014 vc_row-has-fill\"><div class=\"wpb_column vc_column_container vc_col-sm-2\/5 vc_col-md-offset-0\" id=\"escapades-column\"><div class=\"vc_column-inner\"><div class=\"wpb_wrapper\"><div class=\"vc_row wpb_row vc_inner vc_row-fluid\"><div class=\"wpb_column vc_column_container vc_col-sm-2\"><div class=\"vc_column-inner\"><div class=\"wpb_wrapper\"><\/div><\/div><\/div><\/div><h2 style=\"font-size: 52px;color: #ffffff;line-height: 1;text-align: left;font-family:Raleway;font-weight:700;font-style:normal\" class=\"vc_custom_heading subtitles vc_custom_1698657102384\" >Your carefully planned tour<\/h2>\n\t<div class=\"wpb_text_column wpb_content_element  vc_custom_1700061089244\" id=\"text-shadow\">\n\t\t<div class=\"wpb_wrapper\">\n\t\t\t<p class=\"font_8 wixui-rich-text__text\" style=\"text-align: left;\"><span style=\"color: #000000;\"><span style=\"color: #ffffff;\"><strong><span class=\"wixui-rich-text__text\">You have the power to design your ideal adventure. <\/span><\/strong><\/span><strong><span class=\"wixui-rich-text__text\"><br \/><span style=\"color: #ffffff;\">Choose from a range of exceptional activities, thrilling safaris, cultural discoveries and relaxing moments by the ocean.<\/span><br class=\"wixui-rich-text__text\" \/><span style=\"color: #ffffff;\">Select the colors of your trip according to your dreams and desires, or let yourself be charmed by our carefully organized activities.<\/span><br \/><\/span><\/strong><\/span><\/p>\n\n\t\t<\/div>\n\t<\/div>\n<div class=\"vc_btn3-container vc_btn3-left\" ><a onmouseleave=\"this.style.borderColor='#ffffff'; this.style.backgroundColor='transparent'; this.style.color='#ffffff'\" onmouseenter=\"this.style.borderColor='#b59a72'; this.style.backgroundColor='#b59a72'; this.style.color='#ffffff';\" style=\"border-color:#ffffff; color:#ffffff;\" class=\"vc_general vc_btn3 vc_btn3-size-md vc_btn3-shape-square vc_btn3-style-outline-custom vc_btn3-icon-right\" href=\"https:\/\/tanzadream.com\/en\/package\/\" title=\"\">Our packages <i class=\"vc_btn3-icon vc-material vc-material-keyboard_arrow_right\"><\/i><\/a><\/div><\/div><\/div><\/div><\/div><div class=\"vc_row-full-width vc_clearfix\"><\/div><div data-vc-full-width=\"true\" data-vc-full-width-init=\"false\" class=\"vc_row wpb_row vc_row-fluid vc_custom_1699795285209 vc_row-has-fill\"><div class=\"wpb_column vc_column_container vc_col-sm-6\"><div class=\"vc_column-inner\"><div class=\"wpb_wrapper\"><h2 style=\"font-size: 52px;color: #b5884d;line-height: 1;text-align: left;font-family:Montserrat;font-weight:700;font-style:normal\" class=\"vc_custom_heading subtitles vc_custom_1698700353673\" >FORMULE PR\u00caTS POUR L&rsquo;AVENTURE<\/h2><\/div><\/div><\/div><div class=\"wpb_column vc_column_container vc_col-sm-6\"><div class=\"vc_column-inner\"><div class=\"wpb_wrapper\">\n\t<div class=\"wpb_text_column wpb_content_element\" >\n\t\t<div class=\"wpb_wrapper\">\n\t\t\t<p><strong><span style=\"color: #b5884d;\">For those who prefer simplicity, our READY FOR ADVENTURE packages guarantee instant immersion from the moment you arrive. <\/span><\/strong><\/p>\n<p><strong><span style=\"color: #b5884d;\">Each package is meticulously crafted to capture the essence and charm of Tanzania, plunging you straight into the heart of the adventure.<\/span><\/strong><\/p>\n\n\t\t<\/div>\n\t<\/div>\n<div class=\"vc_btn3-container vc_btn3-left vc_custom_1699795336976\" ><a style=\"background-color:#b5884d; color:#ffffff;\" class=\"vc_general vc_btn3 vc_btn3-size-md vc_btn3-shape-square vc_btn3-style-custom\" href=\"https:\/\/tanzadream.com\/en\/decouverte\/\" title=\"DISCOVER ALL OUR ACTIVITIES\">Start the adventure<\/a><\/div><\/div><\/div><\/div><\/div><div class=\"vc_row-full-width vc_clearfix\"><\/div><div data-vc-full-width=\"true\" data-vc-full-width-init=\"false\" class=\"vc_row wpb_row vc_row-fluid vc_custom_1699795305600 vc_row-has-fill\"><div class=\"wpb_column vc_column_container vc_col-sm-12\"><div class=\"vc_column-inner\"><div class=\"wpb_wrapper\"><\/div><\/div><\/div><\/div><div class=\"vc_row-full-width vc_clearfix\"><\/div><div data-vc-full-width=\"true\" data-vc-full-width-init=\"false\" data-vc-stretch-content=\"true\" class=\"vc_row wpb_row vc_row-fluid vc_custom_1698486783226 vc_row-has-fill vc_row-no-padding\"><div class=\"wpb_column vc_column_container vc_col-sm-12\"><div class=\"vc_column-inner vc_custom_1537354240070\"><div class=\"wpb_wrapper\"><\/div><\/div><\/div><\/div><div class=\"vc_row-full-width vc_clearfix\"><\/div><div data-vc-full-width=\"true\" data-vc-full-width-init=\"false\" class=\"vc_row wpb_row vc_row-fluid vc_custom_1538073693047 vc_row-has-fill\"><div data-vc-parallax=\"1.5\" class=\"wpb_column vc_column_container vc_col-sm-6 vc_col-has-fill vc_general vc_parallax vc_parallax-content-moving\"><div class=\"vc_column-inner\"><div class=\"wpb_wrapper\"><\/div><\/div><\/div><div class=\"wpb_column vc_column_container vc_col-sm-6\"><div class=\"vc_column-inner\"><div class=\"wpb_wrapper\"><h2 style=\"font-size: 52px;color: #ffffff;line-height: 1;text-align: left;font-family:Roboto;font-weight:700;font-style:normal\" class=\"vc_custom_heading subtitles vc_custom_1698617772496\" >L&rsquo;ART DU VOYAGE PERSONNALIS\u00c9<\/h2>\n\t<div class=\"wpb_text_column wpb_content_element\" id=\"text-shadow\">\n\t\t<div class=\"wpb_wrapper\">\n\t\t\t<p><span style=\"color: #ffffff;\"><strong>Our dedicated team is here to turn your dreams into reality. We'll guide you every step of the way, from creating the perfect itinerary to booking charming accommodations and organizing exceptional safaris.<\/strong><\/span><\/p>\n<p><span style=\"color: #ffffff;\"><strong>From Dar es Salaam to Zanzibar, explore Tanzania with Tanzadream - your journey begins here!<\/strong><\/span><\/p>\n\n\t\t<\/div>\n\t<\/div>\n<div class=\"vc_btn3-container vc_btn3-left\" ><a onmouseleave=\"this.style.borderColor='#ffffff'; this.style.backgroundColor='transparent'; this.style.color='#ffffff'\" onmouseenter=\"this.style.borderColor='#b59a72'; this.style.backgroundColor='#b59a72'; this.style.color='#ffffff';\" style=\"border-color:#ffffff; color:#ffffff;\" class=\"vc_general vc_btn3 vc_btn3-size-md vc_btn3-shape-square vc_btn3-style-outline-custom vc_btn3-icon-right\" href=\"https:\/\/tanzadream.com\/en\/reservation\/\" title=\"Create your route\">Create your itinerary <i class=\"vc_btn3-icon vc-material vc-material-keyboard_arrow_right\"><\/i><\/a><\/div><\/div><\/div><\/div><\/div><div class=\"vc_row-full-width vc_clearfix\"><\/div><div id=\"footer-column\" data-vc-full-width=\"true\" data-vc-full-width-init=\"false\" class=\"vc_row wpb_row vc_row-fluid vc_custom_1699977864218 vc_row-has-fill\"><div data-vc-parallax=\"1.5\" class=\"wpb_column vc_column_container vc_col-sm-6 vc_col-has-fill vc_general vc_parallax vc_parallax-content-moving\"><div class=\"vc_column-inner\"><div class=\"wpb_wrapper\">\n\t<div class=\"wpb_text_column wpb_content_element\" >\n\t\t<div class=\"wpb_wrapper\">\n\t\t\t<p><span style=\"color: #b5884d;\"><strong>@Tanzadream 2026 &#8211; Tous droits r\u00e9serv\u00e9s<\/strong><\/span><\/p>\n\n\t\t<\/div>\n\t<\/div>\n<\/div><\/div><\/div><div class=\"wpb_column vc_column_container vc_col-sm-6\"><div class=\"vc_column-inner\"><div class=\"wpb_wrapper\"><div  class=\"vc_wp_custommenu wpb_content_element\"><div class=\"widget widget_nav_menu\"><div class=\"menu-footer-menu-container\"><ul id=\"menu-footer-menu\" class=\"menu\"><li id=\"menu-item-1491\" class=\"menu-item menu-item-type-post_type menu-item-object-page menu-item-1491\"><a href=\"https:\/\/tanzadream.com\/en\/conditions-utilisation\/\">General terms and conditions<\/a><\/li>\n<\/ul><\/div><\/div><\/div><\/div><\/div><\/div><\/div><div class=\"vc_row-full-width vc_clearfix\"><\/div>\t\t\t\t\t\t\t\t<\/div>\n\t\t\t\t<\/div>\n\t\t\t\t\t<\/div>\n\t\t\t\t<\/div>\n\t\t<div class=\"elementor-element elementor-element-a38c7da e-flex e-con-boxed e-con e-parent\" data-id=\"a38c7da\" data-element_type=\"container\" data-e-type=\"container\">\n\t\t\t\t\t<div class=\"e-con-inner\">\n\t\t\t\t<div class=\"elementor-element elementor-element-22423c6 elementor-shape-rounded elementor-grid-0 e-grid-align-center elementor-widget elementor-widget-social-icons\" data-id=\"22423c6\" data-element_type=\"widget\" data-e-type=\"widget\" data-widget_type=\"social-icons.default\">\n\t\t\t\t<div class=\"elementor-widget-container\">\n\t\t\t\t\t\t\t<div class=\"elementor-social-icons-wrapper elementor-grid\" role=\"list\">\n\t\t\t\t\t\t\t<span class=\"elementor-grid-item\" role=\"listitem\">\n\t\t\t\t\t<a class=\"elementor-icon elementor-social-icon elementor-social-icon-facebook elementor-repeater-item-d9fe18b\" target=\"_blank\">\n\t\t\t\t\t\t<span class=\"elementor-screen-only\">Facebook<\/span>\n\t\t\t\t\t\t<svg aria-hidden=\"true\" class=\"e-font-icon-svg e-fab-facebook\" viewbox=\"0 0 512 512\" xmlns=\"http:\/\/www.w3.org\/2000\/svg\"><path d=\"M504 256C504 119 393 8 256 8S8 119 8 256c0 123.78 90.69 226.38 209.25 245V327.69h-63V256h63v-54.64c0-62.15 37-96.48 93.67-96.48 27.14 0 55.52 4.84 55.52 4.84v61h-31.28c-30.8 0-40.41 19.12-40.41 38.73V256h68.78l-11 71.69h-57.78V501C413.31 482.38 504 379.78 504 256z\"><\/path><\/svg>\t\t\t\t\t<\/a>\n\t\t\t\t<\/span>\n\t\t\t\t\t\t\t<span class=\"elementor-grid-item\" role=\"listitem\">\n\t\t\t\t\t<a class=\"elementor-icon elementor-social-icon elementor-social-icon-instagram elementor-repeater-item-9d3ddcd\" href=\"https:\/\/www.instagram.com\/tanzadream\/\" target=\"_blank\">\n\t\t\t\t\t\t<span class=\"elementor-screen-only\">Instagram<\/span>\n\t\t\t\t\t\t<svg aria-hidden=\"true\" class=\"e-font-icon-svg e-fab-instagram\" viewbox=\"0 0 448 512\" xmlns=\"http:\/\/www.w3.org\/2000\/svg\"><path d=\"M224.1 141c-63.6 0-114.9 51.3-114.9 114.9s51.3 114.9 114.9 114.9S339 319.5 339 255.9 287.7 141 224.1 141zm0 189.6c-41.1 0-74.7-33.5-74.7-74.7s33.5-74.7 74.7-74.7 74.7 33.5 74.7 74.7-33.6 74.7-74.7 74.7zm146.4-194.3c0 14.9-12 26.8-26.8 26.8-14.9 0-26.8-12-26.8-26.8s12-26.8 26.8-26.8 26.8 12 26.8 26.8zm76.1 27.2c-1.7-35.9-9.9-67.7-36.2-93.9-26.2-26.2-58-34.4-93.9-36.2-37-2.1-147.9-2.1-184.9 0-35.8 1.7-67.6 9.9-93.9 36.1s-34.4 58-36.2 93.9c-2.1 37-2.1 147.9 0 184.9 1.7 35.9 9.9 67.7 36.2 93.9s58 34.4 93.9 36.2c37 2.1 147.9 2.1 184.9 0 35.9-1.7 67.7-9.9 93.9-36.2 26.2-26.2 34.4-58 36.2-93.9 2.1-37 2.1-147.8 0-184.8zM398.8 388c-7.8 19.6-22.9 34.7-42.6 42.6-29.5 11.7-99.5 9-132.1 9s-102.7 2.6-132.1-9c-19.6-7.8-34.7-22.9-42.6-42.6-11.7-29.5-9-99.5-9-132.1s-2.6-102.7 9-132.1c7.8-19.6 22.9-34.7 42.6-42.6 29.5-11.7 99.5-9 132.1-9s102.7-2.6 132.1 9c19.6 7.8 34.7 22.9 42.6 42.6 11.7 29.5 9 99.5 9 132.1s2.7 102.7-9 132.1z\"><\/path><\/svg>\t\t\t\t\t<\/a>\n\t\t\t\t<\/span>\n\t\t\t\t\t<\/div>\n\t\t\t\t\t\t<\/div>\n\t\t\t\t<\/div>\n\t\t\t\t\t<\/div>\n\t\t\t\t<\/div>\n\t\t\t\t<\/div>\n\t\t<\/section>","protected":false},"excerpt":{"rendered":"TANZADREAM Tanzadream, votre sp\u00e9cialiste en planification d'activit\u00e9s et d'h\u00e9bergement, vous offre un voyage sur-mesure en Tanzanie et \u00e0 Zanzibar pour des souvenirs m\u00e9morables. Vos Escapades soigneusement planifi\u00e9es Vous avez le pouvoir de concevoir votre aventure id\u00e9ale. Choisissez parmi une palette d'activit\u00e9s exceptionnelles, de safaris palpitants, de d\u00e9couvertes culturelles et de moments de d\u00e9tente au bord [...]","protected":false},"author":1,"featured_media":0,"parent":0,"menu_order":0,"comment_status":"closed","ping_status":"closed","template":"","meta":{"_acf_changed":false,"footnotes":""},"class_list":["post-13","page","type-page","status-publish","hentry"],"acf":[],"_links":{"self":[{"href":"https:\/\/tanzadream.com\/en\/wp-json\/wp\/v2\/pages\/13","targetHints":{"allow":["GET"]}}],"collection":[{"href":"https:\/\/tanzadream.com\/en\/wp-json\/wp\/v2\/pages"}],"about":[{"href":"https:\/\/tanzadream.com\/en\/wp-json\/wp\/v2\/types\/page"}],"author":[{"embeddable":true,"href":"https:\/\/tanzadream.com\/en\/wp-json\/wp\/v2\/users\/1"}],"replies":[{"embeddable":true,"href":"https:\/\/tanzadream.com\/en\/wp-json\/wp\/v2\/comments?post=13"}],"version-history":[{"count":102,"href":"https:\/\/tanzadream.com\/en\/wp-json\/wp\/v2\/pages\/13\/revisions"}],"predecessor-version":[{"id":1757,"href":"https:\/\/tanzadream.com\/en\/wp-json\/wp\/v2\/pages\/13\/revisions\/1757"}],"wp:attachment":[{"href":"https:\/\/tanzadream.com\/en\/wp-json\/wp\/v2\/media?parent=13"}],"curies":[{"name":"wp","href":"https:\/\/api.w.org\/{rel}","templated":true}]}}