{"id":25,"date":"2018-02-08T11:45:42","date_gmt":"2018-02-08T10:45:42","guid":{"rendered":"https:\/\/themes.themeenergy.com\/bookyourtravel\/travel-guide\/?page_id=25"},"modified":"2023-11-16T16:04:34","modified_gmt":"2023-11-16T15:04:34","slug":"a-propos","status":"publish","type":"page","link":"https:\/\/tanzadream.com\/en\/a-propos\/","title":{"rendered":"About us"},"content":{"rendered":"<section class=\"wpb-content-wrapper\"><div class=\"vc_row wpb_row vc_row-fluid vc_custom_1538074241450\"><div class=\"wpb_column vc_column_container vc_col-sm-12\"><div class=\"vc_column-inner vc_custom_1538074834564\"><div class=\"wpb_wrapper\"><div class=\"vc_row wpb_row vc_inner vc_row-fluid vc_custom_1699269926234\"><div class=\"wpb_column vc_column_container vc_col-sm-3\"><div class=\"vc_column-inner\"><div class=\"wpb_wrapper\">\n\t<div  class=\"wpb_single_image wpb_content_element vc_align_center  vc_custom_1700062207356\">\n\t\t\n\t\t<figure class=\"wpb_wrapper vc_figure\">\n\t\t\t<div class=\"vc_single_image-wrapper   vc_box_border_grey\"><img fetchpriority=\"high\" decoding=\"async\" width=\"2489\" height=\"2560\" src=\"https:\/\/tanzadream.com\/wp-content\/uploads\/2023\/11\/element5-digital-uE2T1tCFsn8-unsplash-scaled.jpg\" class=\"vc_single_image-img attachment-full\" alt=\"\" title=\"element5-digital-uE2T1tCFsn8-unsplash\" srcset=\"https:\/\/tanzadream.com\/wp-content\/uploads\/2023\/11\/element5-digital-uE2T1tCFsn8-unsplash-scaled.jpg 2489w, https:\/\/tanzadream.com\/wp-content\/uploads\/2023\/11\/element5-digital-uE2T1tCFsn8-unsplash-292x300.jpg 292w, https:\/\/tanzadream.com\/wp-content\/uploads\/2023\/11\/element5-digital-uE2T1tCFsn8-unsplash-996x1024.jpg 996w, https:\/\/tanzadream.com\/wp-content\/uploads\/2023\/11\/element5-digital-uE2T1tCFsn8-unsplash-768x790.jpg 768w, https:\/\/tanzadream.com\/wp-content\/uploads\/2023\/11\/element5-digital-uE2T1tCFsn8-unsplash-1493x1536.jpg 1493w, https:\/\/tanzadream.com\/wp-content\/uploads\/2023\/11\/element5-digital-uE2T1tCFsn8-unsplash-1991x2048.jpg 1991w, https:\/\/tanzadream.com\/wp-content\/uploads\/2023\/11\/element5-digital-uE2T1tCFsn8-unsplash-12x12.jpg 12w, https:\/\/tanzadream.com\/wp-content\/uploads\/2023\/11\/element5-digital-uE2T1tCFsn8-unsplash-600x617.jpg 600w\" sizes=\"(max-width: 2489px) 100vw, 2489px\" \/><\/div>\n\t\t<\/figure>\n\t<\/div>\n<\/div><\/div><\/div><div class=\"wpb_column vc_column_container vc_col-sm-9\"><div class=\"vc_column-inner\"><div class=\"wpb_wrapper\"><div class=\"vc_separator wpb_content_element vc_separator_align_left vc_sep_width_100 vc_sep_pos_align_center vc_sep_color_grey subtitles vc_separator-has-text\" ><span class=\"vc_sep_holder vc_sep_holder_l\"><span class=\"vc_sep_line\"><\/span><\/span><h4>OUR TEAM<\/h4><span class=\"vc_sep_holder vc_sep_holder_r\"><span class=\"vc_sep_line\"><\/span><\/span>\n<\/div>\n\t<div class=\"wpb_text_column wpb_content_element  vc_custom_1700146874096\" >\n\t\t<div class=\"wpb_wrapper\">\n\t\t\t<p>A passionate team dedicated to helping you discover Tanzania in an unforgettable way. Our activity packages are carefully negotiated to offer quality experiences at competitive prices.<br \/>\nDes safaris exaltants, des plages paradisiaques de Zanzibar et une immersion culturelle vous attendent.<\/p>\n<p>Au choix :<\/p>\n<ul>\n<li><strong>D\u00e9finissez vos activit\u00e9s pour que nous puissions constituer votre package<\/strong><\/li>\n<li><strong>Choissisez un package Tanzadream<\/strong><\/li>\n<\/ul>\n<p>R\u00eavez-vous de d\u00e9tente sur des plages idylliques, d&rsquo;exploration urbaine historique, de plong\u00e9e dans des eaux pures ou de d\u00e9couvertes culturelles ?<\/p>\n<p>Our team of experts will guide you towards your ideal trip, with comprehensive offers to suit everyone, whether you're travelling alone or in a group.<\/p>\n<p><strong>Our team also selects and negotiates quality accommodation for you, thanks to our many partnerships.<\/strong><\/p>\n<p>Notre \u00e9quipe s\u00e9lectionne et n\u00e9gocie \u00e9galement pour vous des h\u00e9bergements de qualit\u00e9, gr\u00e2ce \u00e0 nos nombreux partenariats.<\/p>\n\n\t\t<\/div>\n\t<\/div>\n<\/div><\/div><\/div><\/div><div class=\"vc_row wpb_row vc_inner vc_row-fluid vc_row-o-content-middle vc_row-flex\"><div class=\"wpb_column vc_column_container vc_col-sm-9\"><div class=\"vc_column-inner\"><div class=\"wpb_wrapper\"><div class=\"vc_separator wpb_content_element vc_separator_align_left vc_sep_width_100 vc_sep_pos_align_left vc_sep_color_grey subtitles vc_separator-has-text\" ><span class=\"vc_sep_holder vc_sep_holder_l\"><span class=\"vc_sep_line\"><\/span><\/span><h4>STEPS<\/h4><span class=\"vc_sep_holder vc_sep_holder_r\"><span class=\"vc_sep_line\"><\/span><\/span>\n<\/div>\n\t<div class=\"wpb_text_column wpb_content_element\" >\n\t\t<div class=\"wpb_wrapper\">\n\t\t\t<div class=\"flex flex-grow flex-col max-w-full gap-3 gizmo:gap-0\">\n<div class=\"min-h-&#091;20px&#093; flex flex-col items-start gap-3 whitespace-pre-wrap break-words overflow-x-auto\" data-message-author-role=\"assistant\" data-message-id=\"2ab1a2d4-b512-44b8-8a52-07cb3457bd55\">\n<div class=\"markdown prose w-full break-words dark:prose-invert dark\">\n<p>Start your adventure in six easy steps with our trip planning service.<\/p>\n<p>From defining your preferences to confirming your arrival, we guide you every step of the way to ensure a worry-free journey.<\/p>\n<ol>\n<li><strong>Set your preferences<\/strong><\/li>\n<li><strong>See our Offers<\/strong><\/li>\n<li><strong>Customize your trip<\/strong><\/li>\n<li><strong>Package proposal<\/strong><\/li>\n<li><strong>Offer validation<\/strong><\/li>\n<li><strong>Confirmation of departure<\/strong><\/li>\n<\/ol>\n<\/div>\n<\/div>\n<\/div>\n\n\t\t<\/div>\n\t<\/div>\n<\/div><\/div><\/div><div class=\"wpb_column vc_column_container vc_col-sm-3 vc_col-has-fill\"><div class=\"vc_column-inner vc_custom_1699271217771\"><div class=\"wpb_wrapper\">\n\t<div  class=\"wpb_single_image wpb_content_element vc_align_left  vc_custom_1700147032382\">\n\t\t\n\t\t<figure class=\"wpb_wrapper vc_figure\">\n\t\t\t<div class=\"vc_single_image-wrapper   vc_box_border_grey\"><img decoding=\"async\" width=\"400\" height=\"300\" src=\"https:\/\/tanzadream.com\/wp-content\/uploads\/2023\/11\/rajit-galaiya-MNeAWAevxss-unsplash-400x300.jpg\" class=\"vc_single_image-img attachment-thumbnail\" alt=\"\" title=\"rajit-galaiya-MNeAWAevxss-unsplash\" srcset=\"https:\/\/tanzadream.com\/wp-content\/uploads\/2023\/11\/rajit-galaiya-MNeAWAevxss-unsplash-400x300.jpg 400w, https:\/\/tanzadream.com\/wp-content\/uploads\/2023\/11\/rajit-galaiya-MNeAWAevxss-unsplash-15x12.jpg 15w\" sizes=\"(max-width: 400px) 100vw, 400px\" \/><\/div>\n\t\t<\/figure>\n\t<\/div>\n\n\t<div class=\"wpb_text_column wpb_content_element  vc_custom_1699269144639\" >\n\t\t<div class=\"wpb_wrapper\">\n\t\t\t<p style=\"text-align: center;\"><span style=\"color: #ffffff; font-size: 20px; font-family: 'Montserrat';\">Looking for adventure?<\/span><\/p>\n\n\t\t<\/div>\n\t<\/div>\n<div class=\"vc_btn3-container vc_btn3-center vc_custom_1699269656207\" ><button style=\"background-color:#b5884d; color:#ffffff;\" class=\"vc_general vc_btn3 vc_btn3-size-md vc_btn3-shape-square vc_btn3-style-custom\">Discover our activities<\/button><\/div><\/div><\/div><\/div><\/div><\/div><\/div><\/div><\/div><div data-vc-full-width=\"true\" data-vc-full-width-init=\"false\" class=\"vc_row wpb_row vc_row-fluid vc_custom_1699364330158 vc_row-has-fill vc_row-o-content-middle vc_row-flex\"><div class=\"wpb_column vc_column_container vc_col-sm-12\"><div class=\"vc_column-inner\"><div class=\"wpb_wrapper\"><div class=\"vc_row wpb_row vc_inner vc_row-fluid\"><div class=\"wpb_column vc_column_container vc_col-sm-4\"><div class=\"vc_column-inner\"><div class=\"wpb_wrapper\">\n\t<div  class=\"wpb_single_image wpb_content_element vc_align_center   img_step\">\n\t\t\n\t\t<figure class=\"wpb_wrapper vc_figure\">\n\t\t\t<div class=\"vc_single_image-wrapper   vc_box_border_grey\"><img decoding=\"async\" width=\"248\" height=\"248\" src=\"https:\/\/tanzadream.com\/wp-content\/uploads\/2023\/11\/one-1.png\" class=\"vc_single_image-img attachment-medium\" alt=\"\" title=\"one\" srcset=\"https:\/\/tanzadream.com\/wp-content\/uploads\/2023\/11\/one-1.png 248w, https:\/\/tanzadream.com\/wp-content\/uploads\/2023\/11\/one-1-100x100.png 100w\" sizes=\"(max-width: 248px) 100vw, 248px\" \/><\/div>\n\t\t<\/figure>\n\t<\/div>\n\n\t<div class=\"wpb_text_column wpb_content_element  vc_custom_1699356125590\" >\n\t\t<div class=\"wpb_wrapper\">\n\t\t\t<p style=\"text-align: center; font-family: Helvetica; font-size: 23px; font-weight: 600;\">PLANNING<\/p>\n\n\t\t<\/div>\n\t<\/div>\n\n\t<div class=\"wpb_text_column wpb_content_element  vc_custom_1700147062455 text_steps\" >\n\t\t<div class=\"wpb_wrapper\">\n\t\t\t<ul>\n<li>Choose departure date<\/li>\n<li>Number of passengers<\/li>\n<li>Your budget<\/li>\n<li>Votre int\u00e9r\u00eat pour nos partenariats h\u00e9bergement<\/li>\n<li>Specify your interests and wishes for your stay.<\/li>\n<\/ul>\n\n\t\t<\/div>\n\t<\/div>\n<\/div><\/div><\/div><div class=\"wpb_column vc_column_container vc_col-sm-4\"><div class=\"vc_column-inner\"><div class=\"wpb_wrapper\">\n\t<div  class=\"wpb_single_image wpb_content_element vc_align_center   img_step\">\n\t\t\n\t\t<figure class=\"wpb_wrapper vc_figure\">\n\t\t\t<div class=\"vc_single_image-wrapper   vc_box_border_grey\"><img loading=\"lazy\" decoding=\"async\" width=\"248\" height=\"248\" src=\"https:\/\/tanzadream.com\/wp-content\/uploads\/2023\/11\/2.png\" class=\"vc_single_image-img attachment-medium\" alt=\"\" title=\"2\" srcset=\"https:\/\/tanzadream.com\/wp-content\/uploads\/2023\/11\/2.png 248w, https:\/\/tanzadream.com\/wp-content\/uploads\/2023\/11\/2-100x100.png 100w\" sizes=\"(max-width: 248px) 100vw, 248px\" \/><\/div>\n\t\t<\/figure>\n\t<\/div>\n\n\t<div class=\"wpb_text_column wpb_content_element  vc_custom_1699362060578\" >\n\t\t<div class=\"wpb_wrapper\">\n\t\t\t<p style=\"text-align: center; font-family: Helvetica; font-size: 23px; font-weight: 600;\">OUR OFFERS<\/p>\n\n\t\t<\/div>\n\t<\/div>\n\n\t<div class=\"wpb_text_column wpb_content_element  vc_custom_1700057139521 text_steps\" >\n\t\t<div class=\"wpb_wrapper\">\n\t\t\t<p style=\"text-align: center;\">\u00a0Browse and add the activities you want to your basket.<br \/>\nAsk your personalized quote.<\/p>\n<p style=\"text-align: center;\"><strong>OU<\/strong><\/p>\n<p style=\"text-align: center;\">Choisissez un package Tanzadream<\/p>\n\n\t\t<\/div>\n\t<\/div>\n<\/div><\/div><\/div><div class=\"wpb_column vc_column_container vc_col-sm-4\"><div class=\"vc_column-inner\"><div class=\"wpb_wrapper\">\n\t<div  class=\"wpb_single_image wpb_content_element vc_align_center   img_step\">\n\t\t\n\t\t<figure class=\"wpb_wrapper vc_figure\">\n\t\t\t<div class=\"vc_single_image-wrapper   vc_box_border_grey\"><img loading=\"lazy\" decoding=\"async\" width=\"248\" height=\"248\" src=\"https:\/\/tanzadream.com\/wp-content\/uploads\/2023\/11\/3.png\" class=\"vc_single_image-img attachment-medium\" alt=\"\" title=\"3\" srcset=\"https:\/\/tanzadream.com\/wp-content\/uploads\/2023\/11\/3.png 248w, https:\/\/tanzadream.com\/wp-content\/uploads\/2023\/11\/3-100x100.png 100w\" sizes=\"(max-width: 248px) 100vw, 248px\" \/><\/div>\n\t\t<\/figure>\n\t<\/div>\n\n\t<div class=\"wpb_text_column wpb_content_element  vc_custom_1699362106969\" >\n\t\t<div class=\"wpb_wrapper\">\n\t\t\t<p style=\"text-align: center; font-family: Helvetica; font-size: 23px; font-weight: 600;\">PREPARATIONS<\/p>\n\n\t\t<\/div>\n\t<\/div>\n\n\t<div class=\"wpb_text_column wpb_content_element  vc_custom_1699382522393 text_steps\" >\n\t\t<div class=\"wpb_wrapper\">\n\t\t\t<p style=\"text-align: center;\">We assess your needs, ensure availability, work with our local partners and adjust rates to optimize your stay.<\/p>\n\n\t\t<\/div>\n\t<\/div>\n<\/div><\/div><\/div><\/div><div class=\"vc_row wpb_row vc_inner vc_row-fluid\"><div class=\"wpb_column vc_column_container vc_col-sm-4\"><div class=\"vc_column-inner\"><div class=\"wpb_wrapper\">\n\t<div  class=\"wpb_single_image wpb_content_element vc_align_center   img_step\">\n\t\t\n\t\t<figure class=\"wpb_wrapper vc_figure\">\n\t\t\t<div class=\"vc_single_image-wrapper   vc_box_border_grey\"><img loading=\"lazy\" decoding=\"async\" width=\"248\" height=\"248\" src=\"https:\/\/tanzadream.com\/wp-content\/uploads\/2023\/11\/4.png\" class=\"vc_single_image-img attachment-medium\" alt=\"\" title=\"4\" srcset=\"https:\/\/tanzadream.com\/wp-content\/uploads\/2023\/11\/4.png 248w, https:\/\/tanzadream.com\/wp-content\/uploads\/2023\/11\/4-100x100.png 100w\" sizes=\"(max-width: 248px) 100vw, 248px\" \/><\/div>\n\t\t<\/figure>\n\t<\/div>\n\n\t<div class=\"wpb_text_column wpb_content_element  vc_custom_1699363504664\" >\n\t\t<div class=\"wpb_wrapper\">\n\t\t\t<p style=\"text-align: center; font-family: Helvetica; font-size: 23px; font-weight: 600;\">YOUR TRIP<\/p>\n\n\t\t<\/div>\n\t<\/div>\n\n\t<div class=\"wpb_text_column wpb_content_element  vc_custom_1699382466533 text_steps\" >\n\t\t<div class=\"wpb_wrapper\">\n\t\t\t<ul>\n<li>Proposal of your travel journal in the form of an estimate<\/li>\n<li>Your thoughts<\/li>\n<li>Ask us any questions you may have to help us fine-tune your stay.<\/li>\n<\/ul>\n\n\t\t<\/div>\n\t<\/div>\n<\/div><\/div><\/div><div class=\"wpb_column vc_column_container vc_col-sm-4\"><div class=\"vc_column-inner\"><div class=\"wpb_wrapper\">\n\t<div  class=\"wpb_single_image wpb_content_element vc_align_center   img_step\">\n\t\t\n\t\t<figure class=\"wpb_wrapper vc_figure\">\n\t\t\t<div class=\"vc_single_image-wrapper   vc_box_border_grey\"><img loading=\"lazy\" decoding=\"async\" width=\"248\" height=\"248\" src=\"https:\/\/tanzadream.com\/wp-content\/uploads\/2023\/11\/5.png\" class=\"vc_single_image-img attachment-medium\" alt=\"\" title=\"5\" srcset=\"https:\/\/tanzadream.com\/wp-content\/uploads\/2023\/11\/5.png 248w, https:\/\/tanzadream.com\/wp-content\/uploads\/2023\/11\/5-100x100.png 100w\" sizes=\"(max-width: 248px) 100vw, 248px\" \/><\/div>\n\t\t<\/figure>\n\t<\/div>\n\n\t<div class=\"wpb_text_column wpb_content_element  vc_custom_1699364625330\" >\n\t\t<div class=\"wpb_wrapper\">\n\t\t\t<p style=\"text-align: center; font-family: Helvetica; font-size: 23px; font-weight: 600;\">PRE-VALIDATION<\/p>\n\n\t\t<\/div>\n\t<\/div>\n\n\t<div class=\"wpb_text_column wpb_content_element  vc_custom_1699434242719 text_steps\" >\n\t\t<div class=\"wpb_wrapper\">\n\t\t\t<ul>\n<li>Validation and signature of the quotation<\/li>\n<li>Pre-booking your activities<\/li>\n<li>Confirmation from our partners<\/li>\n<li>Managing administrative formalities<\/li>\n<\/ul>\n\n\t\t<\/div>\n\t<\/div>\n<\/div><\/div><\/div><div class=\"wpb_column vc_column_container vc_col-sm-4\"><div class=\"vc_column-inner\"><div class=\"wpb_wrapper\">\n\t<div  class=\"wpb_single_image wpb_content_element vc_align_center   img_step\">\n\t\t\n\t\t<figure class=\"wpb_wrapper vc_figure\">\n\t\t\t<div class=\"vc_single_image-wrapper   vc_box_border_grey\"><img loading=\"lazy\" decoding=\"async\" width=\"248\" height=\"248\" src=\"https:\/\/tanzadream.com\/wp-content\/uploads\/2023\/11\/6.png\" class=\"vc_single_image-img attachment-medium\" alt=\"\" title=\"6\" srcset=\"https:\/\/tanzadream.com\/wp-content\/uploads\/2023\/11\/6.png 248w, https:\/\/tanzadream.com\/wp-content\/uploads\/2023\/11\/6-100x100.png 100w\" sizes=\"(max-width: 248px) 100vw, 248px\" \/><\/div>\n\t\t<\/figure>\n\t<\/div>\n\n\t<div class=\"wpb_text_column wpb_content_element  vc_custom_1699364644863\" >\n\t\t<div class=\"wpb_wrapper\">\n\t\t\t<p style=\"text-align: center; font-family: Helvetica; font-size: 23px; font-weight: 600;\">CONFIRMATION<\/p>\n\n\t\t<\/div>\n\t<\/div>\n\n\t<div class=\"wpb_text_column wpb_content_element  vc_custom_1699382529850\" >\n\t\t<div class=\"wpb_wrapper\">\n\t\t\t<p style=\"text-align: center;\">You'll receive confirmation of your trip, along with your detailed travel log. At this stage, everything is ready for your departure, so relax and get ready for adventure !<\/p>\n\n\t\t<\/div>\n\t<\/div>\n<\/div><\/div><\/div><\/div><\/div><\/div><\/div><\/div><div class=\"vc_row-full-width vc_clearfix\"><\/div><div class=\"vc_row wpb_row vc_row-fluid\"><div class=\"wpb_column vc_column_container vc_col-sm-12\"><div class=\"vc_column-inner\"><div class=\"wpb_wrapper\"><div class=\"vc_separator wpb_content_element vc_separator_align_left vc_sep_width_100 vc_sep_pos_align_right vc_sep_color_grey subtitles vc_separator-has-text\" ><span class=\"vc_sep_holder vc_sep_holder_l\"><span class=\"vc_sep_line\"><\/span><\/span><h4>YOUR OPINION MATTERS !<\/h4><span class=\"vc_sep_holder vc_sep_holder_r\"><span class=\"vc_sep_line\"><\/span><\/span>\n<\/div>\n\t<div class=\"wpb_text_column wpb_content_element  vc_custom_1699783876357\" >\n\t\t<div class=\"wpb_wrapper\">\n\t\t\t<p>We greatly appreciate your feedback on our services, as your experience is our priority.<br \/>\nShare your travels and adventures with us, so that other travelers can be inspired by your discoveries.<br \/>\nDon't hesitate to recommend our services so that more travelers can enjoy exceptional adventures in Tanzania.<\/p>\n\n\t\t<\/div>\n\t<\/div>\n<\/div><\/div><\/div><\/div><div data-vc-full-width=\"true\" data-vc-full-width-init=\"false\" class=\"vc_row wpb_row vc_row-fluid vc_custom_1699373841097 vc_row-has-fill\"><div data-vc-parallax=\"1.5\" class=\"wpb_column vc_column_container vc_col-sm-6 vc_col-has-fill vc_general vc_parallax vc_parallax-content-moving\"><div class=\"vc_column-inner\"><div class=\"wpb_wrapper\">\n\t<div class=\"wpb_text_column wpb_content_element\" id=\"footer-txt\">\n\t\t<div class=\"wpb_wrapper\">\n\t\t\t<p><span style=\"color: #b5884d;\"><strong>@Tanzadream 2023 - All rights reserved<\/strong><\/span><\/p>\n\n\t\t<\/div>\n\t<\/div>\n<\/div><\/div><\/div><div class=\"wpb_column vc_column_container vc_col-sm-6\"><div class=\"vc_column-inner\"><div class=\"wpb_wrapper\"><div  class=\"vc_wp_custommenu wpb_content_element\"><div class=\"widget widget_nav_menu\"><div class=\"menu-footer-menu-container\"><ul id=\"menu-footer-menu\" class=\"menu\"><li id=\"menu-item-1491\" class=\"menu-item menu-item-type-post_type menu-item-object-page menu-item-1491\"><a href=\"https:\/\/tanzadream.com\/en\/conditions-utilisation\/\">General terms and conditions<\/a><\/li>\n<\/ul><\/div><\/div><\/div><\/div><\/div><\/div><\/div><div class=\"vc_row-full-width vc_clearfix\"><\/div>\n<\/section>","protected":false},"excerpt":{"rendered":"Notre \u00e9quipe Une \u00e9quipe passionn\u00e9e dont l'objectif est de vous faire d\u00e9couvrir la Tanzanie de mani\u00e8re inoubliable. Nos forfaits d'activit\u00e9s sont soigneusement n\u00e9goci\u00e9s pour offrir des exp\u00e9riences de qualit\u00e9 \u00e0 des prix avantageux. Des safaris exaltants, des plages paradisiaques de Zanzibar et une immersion culturelle vous attendent. Au choix : D\u00e9finissez vos activit\u00e9s pour que [...]","protected":false},"author":1,"featured_media":0,"parent":0,"menu_order":0,"comment_status":"closed","ping_status":"closed","template":"","meta":{"footnotes":""},"class_list":["post-25","page","type-page","status-publish","hentry"],"acf":[],"_links":{"self":[{"href":"https:\/\/tanzadream.com\/en\/wp-json\/wp\/v2\/pages\/25","targetHints":{"allow":["GET"]}}],"collection":[{"href":"https:\/\/tanzadream.com\/en\/wp-json\/wp\/v2\/pages"}],"about":[{"href":"https:\/\/tanzadream.com\/en\/wp-json\/wp\/v2\/types\/page"}],"author":[{"embeddable":true,"href":"https:\/\/tanzadream.com\/en\/wp-json\/wp\/v2\/users\/1"}],"replies":[{"embeddable":true,"href":"https:\/\/tanzadream.com\/en\/wp-json\/wp\/v2\/comments?post=25"}],"version-history":[{"count":43,"href":"https:\/\/tanzadream.com\/en\/wp-json\/wp\/v2\/pages\/25\/revisions"}],"predecessor-version":[{"id":1657,"href":"https:\/\/tanzadream.com\/en\/wp-json\/wp\/v2\/pages\/25\/revisions\/1657"}],"wp:attachment":[{"href":"https:\/\/tanzadream.com\/en\/wp-json\/wp\/v2\/media?parent=25"}],"curies":[{"name":"wp","href":"https:\/\/api.w.org\/{rel}","templated":true}]}}