{"id":1222,"date":"2023-11-11T11:43:32","date_gmt":"2023-11-11T10:43:32","guid":{"rendered":"https:\/\/tanzadream.com\/?post_type=product&#038;p=1222"},"modified":"2023-11-17T14:14:09","modified_gmt":"2023-11-17T13:14:09","slug":"spice-farm","status":"publish","type":"product","link":"https:\/\/tanzadream.com\/en\/informations\/spice-farm\/","title":{"rendered":"Spice farm"},"content":{"rendered":"<p>Immerse yourself in a bewitching world where captivating scents and exotic flavors come to life: welcome to the Spice Farm in Zanzibar, a sensory journey to the heart of the spice island.<\/p>\n<h4>A Patchwork of Aromas<\/h4>\n<p>Zanzibar is renowned for its lush spice plantations which dot the island with intoxicating colors, scents and flavors. The Spice Farm invites you to discover this natural treasure during an immersive visit that will awaken your senses.<\/p>\n<h4>A Sensory Adventure<\/h4>\n<p>As you explore the Spice Farm, you will be guided through lush green paths lined with cinnamon plants, cloves, vanilla, cardamom and many other aromatic wonders. You will learn about the history, culture and uses of these fascinating spices that have shaped the history of Zanzibar.<\/p>\n<p>&nbsp;<\/p>\n<h4>Book Your Sensory Trip<\/h4>\n<p>Explore the wonders of nature and satisfy your curiosity by booking your visit to the Spice Farm in Zanzibar now.<\/p>","protected":false},"excerpt":{"rendered":"<p>Plongez dans un monde ensorcelant o\u00f9 les parfums envo\u00fbtants et les saveurs exotiques prennent vie : bienvenue \u00e0 la Spice Farm de Zanzibar, un voyage sensoriel au c\u0153ur de l&rsquo;\u00eele aux \u00e9pices. Un Patchwork d&rsquo;Ar\u00f4mes Zanzibar est r\u00e9put\u00e9e pour ses plantations d&rsquo;\u00e9pices luxuriantes qui pars\u00e8ment l&rsquo;\u00eele de couleurs, de parfums et de saveurs enivrantes. La [&hellip;]<\/p>","protected":false},"featured_media":705,"template":"","meta":[],"product_cat":[43],"product_tag":[],"class_list":["post-1222","product","type-product","status-publish","has-post-thumbnail","hentry","product_cat-zanzibar"],"acf":[],"_links":{"self":[{"href":"https:\/\/tanzadream.com\/en\/wp-json\/wp\/v2\/product\/1222","targetHints":{"allow":["GET"]}}],"collection":[{"href":"https:\/\/tanzadream.com\/en\/wp-json\/wp\/v2\/product"}],"about":[{"href":"https:\/\/tanzadream.com\/en\/wp-json\/wp\/v2\/types\/product"}],"wp:featuredmedia":[{"embeddable":true,"href":"https:\/\/tanzadream.com\/en\/wp-json\/wp\/v2\/media\/705"}],"wp:attachment":[{"href":"https:\/\/tanzadream.com\/en\/wp-json\/wp\/v2\/media?parent=1222"}],"wp:term":[{"taxonomy":"product_cat","embeddable":true,"href":"https:\/\/tanzadream.com\/en\/wp-json\/wp\/v2\/product_cat?post=1222"},{"taxonomy":"product_tag","embeddable":true,"href":"https:\/\/tanzadream.com\/en\/wp-json\/wp\/v2\/product_tag?post=1222"}],"curies":[{"name":"wp","href":"https:\/\/api.w.org\/{rel}","templated":true}]}}