{"id":1578,"date":"2023-11-15T16:01:36","date_gmt":"2023-11-15T15:01:36","guid":{"rendered":"https:\/\/tanzadream.com\/?post_type=product&#038;p=1578"},"modified":"2023-11-15T16:25:06","modified_gmt":"2023-11-15T15:25:06","slug":"saadani-safari","status":"publish","type":"product","link":"https:\/\/tanzadream.com\/en\/informations\/saadani-safari\/","title":{"rendered":"Saadani Safari"},"content":{"rendered":"<p>Situ\u00e9 sur la c\u00f4te nord de la Tanzanie, le parc national de Saadani est un joyau rare o\u00f9 les terres sauvages africaines rencontrent les eaux turquoises de l&rsquo;oc\u00e9an Indien. Une destination unique qui offre une exp\u00e9rience de safari sans pareille associ\u00e9e \u00e0 des paysages c\u00f4tiers spectaculaires.<\/p>\n<h4>La Convergence de la Nature<\/h4>\n<p>Saadani est le seul parc national en Tanzanie o\u00f9 l&rsquo;on peut observer la faune africaine dans un contexte c\u00f4tier. Imaginez des \u00e9l\u00e9phants se promenant le long de la plage, des lions se pr\u00e9lassant dans le sable et des crocodiles se reposant pr\u00e8s des rivi\u00e8res douces tout en ayant pour toile de fond l&rsquo;oc\u00e9an scintillant.<\/p>\n<h4>Safari Marin<\/h4>\n<p>Explorez une vari\u00e9t\u00e9 d&rsquo;\u00e9cosyst\u00e8mes, des savanes aux plaines c\u00f4ti\u00e8res, et d\u00e9couvrez une gamme impressionnante de la faune et de la flore. Les safaris en bateau offrent une opportunit\u00e9 unique d&rsquo;observer les hippopotames et les crocodiles, ainsi que d&rsquo;admirer une myriade d&rsquo;oiseaux marins.<\/p>\n<h4>Conservation et \u00c9cologie<\/h4>\n<p>Le parc national de Saadani est un exemple \u00e9loquent de conservation et de cohabitation entre les \u00e9cosyst\u00e8mes terrestres et marins. Les efforts de pr\u00e9servation visent \u00e0 maintenir l&rsquo;\u00e9quilibre d\u00e9licat entre la faune terrestre et marine, cr\u00e9ant ainsi un \u00e9cosyst\u00e8me riche et diversifi\u00e9.<\/p>\n<h4>Une Exp\u00e9rience Compl\u00e8te<\/h4>\n<p>Votre visite \u00e0 Saadani ne se limite pas aux safaris. Des randonn\u00e9es guid\u00e9es, des visites de villages locaux et des activit\u00e9s culturelles permettent une immersion totale dans la vie locale et dans la richesse de cette r\u00e9gion pr\u00e9serv\u00e9e.<\/p>\n<h4>R\u00e9servez Votre Aventure C\u00f4ti\u00e8re<\/h4>\n<p>Embarquez pour une exp\u00e9rience unique en r\u00e9servant d\u00e8s maintenant votre safari \u00e0 Saadani.<\/p>\n<p>Saadani est bien plus qu&rsquo;un parc national. C&rsquo;est une fusion magique entre les merveilles terrestres et marines de l&rsquo;Afrique, offrant une exp\u00e9rience de safari exceptionnelle avec une touche c\u00f4ti\u00e8re unique.<\/p>","protected":false},"excerpt":{"rendered":"<p>Situ\u00e9 sur la c\u00f4te nord de la Tanzanie, le parc national de Saadani est un joyau rare o\u00f9 les terres sauvages africaines rencontrent les eaux turquoises de l&rsquo;oc\u00e9an Indien. Une destination unique qui offre une exp\u00e9rience de safari sans pareille associ\u00e9e \u00e0 des paysages c\u00f4tiers spectaculaires. La Convergence de la Nature Saadani est le seul [&hellip;]<\/p>","protected":false},"featured_media":1584,"template":"","meta":[],"product_cat":[41],"product_tag":[],"class_list":["post-1578","product","type-product","status-publish","has-post-thumbnail","hentry","product_cat-safaris"],"acf":[],"_links":{"self":[{"href":"https:\/\/tanzadream.com\/en\/wp-json\/wp\/v2\/product\/1578","targetHints":{"allow":["GET"]}}],"collection":[{"href":"https:\/\/tanzadream.com\/en\/wp-json\/wp\/v2\/product"}],"about":[{"href":"https:\/\/tanzadream.com\/en\/wp-json\/wp\/v2\/types\/product"}],"wp:featuredmedia":[{"embeddable":true,"href":"https:\/\/tanzadream.com\/en\/wp-json\/wp\/v2\/media\/1584"}],"wp:attachment":[{"href":"https:\/\/tanzadream.com\/en\/wp-json\/wp\/v2\/media?parent=1578"}],"wp:term":[{"taxonomy":"product_cat","embeddable":true,"href":"https:\/\/tanzadream.com\/en\/wp-json\/wp\/v2\/product_cat?post=1578"},{"taxonomy":"product_tag","embeddable":true,"href":"https:\/\/tanzadream.com\/en\/wp-json\/wp\/v2\/product_tag?post=1578"}],"curies":[{"name":"wp","href":"https:\/\/api.w.org\/{rel}","templated":true}]}}