{"id":1579,"date":"2023-11-15T16:03:26","date_gmt":"2023-11-15T15:03:26","guid":{"rendered":"https:\/\/tanzadream.com\/?post_type=product&#038;p=1579"},"modified":"2023-11-15T16:19:03","modified_gmt":"2023-11-15T15:19:03","slug":"serengueti-safari","status":"publish","type":"product","link":"https:\/\/tanzadream.com\/en\/informations\/serengueti-safari\/","title":{"rendered":"Serengueti Safari"},"content":{"rendered":"<p style=\"text-align: left;\">Le Serengeti, une \u00e9tendue infinie de plaines dor\u00e9es, de savanes sans fin et de vie sauvage abondante, est le joyau de la couronne des safaris africains. Une terre o\u00f9 les aventures prennent vie et o\u00f9 les rencontres avec la faune africaine vous laisseront des souvenirs imp\u00e9rissables.<\/p>\n<h4 style=\"text-align: left;\">Un Monde de Migration<\/h4>\n<p style=\"text-align: left;\">Le Serengeti est c\u00e9l\u00e8bre pour abriter l&rsquo;une des plus grandes migrations animales au monde, o\u00f9 des millions de gnous, de z\u00e8bres et d&rsquo;autres esp\u00e8ces traversent ces vastes plaines \u00e0 la recherche de p\u00e2turages frais. Assister \u00e0 ce spectacle majestueux est une exp\u00e9rience incomparable.<\/p>\n<h4 style=\"text-align: left;\">Faune Majestueuse<\/h4>\n<p style=\"text-align: left;\">Des lions majestueux aux \u00e9l\u00e9phants imposants, des l\u00e9opards gracieux aux girafes \u00e9lanc\u00e9es, le Serengeti est le royaume d&rsquo;une faune vari\u00e9e et abondante. Les safaris offrent des rencontres intimes avec cette diversit\u00e9 extraordinaire, offrant des opportunit\u00e9s uniques pour les passionn\u00e9s de photographie et les amoureux de la nature.<\/p>\n<h4 style=\"text-align: left;\">Paysages \u00e0 Couper le Souffle<\/h4>\n<p style=\"text-align: left;\">Les panoramas du Serengeti sont \u00e0 couper le souffle. Les levers et couchers de soleil teintent le ciel de nuances \u00e9blouissantes, transformant le paysage et offrant des moments magiques que seul le Serengeti peut offrir.<\/p>\n<h4 style=\"text-align: left;\">Conservation et Respect<\/h4>\n<p style=\"text-align: left;\">La pr\u00e9servation du Serengeti est essentielle pour maintenir l&rsquo;\u00e9quilibre d\u00e9licat de cet \u00e9cosyst\u00e8me unique au monde. Les efforts de conservation visent \u00e0 pr\u00e9server cet h\u00e9ritage naturel pour les g\u00e9n\u00e9rations futures.<\/p>\n<h4 style=\"text-align: left;\">R\u00e9servez Votre Safari Aujourd&rsquo;hui<\/h4>\n<p style=\"text-align: left;\">Plongez dans l&rsquo;\u00e9pop\u00e9e sauvage du Serengeti en r\u00e9servant d\u00e8s maintenant votre safari.<\/p>\n<p style=\"text-align: left;\">Le Serengeti est bien plus qu&rsquo;un parc national. C&rsquo;est une immersion totale dans la beaut\u00e9 brute et la vie sauvage de l&rsquo;Afrique, une exp\u00e9rience qui r\u00e9sonnera dans votre c\u0153ur pour toujours.<\/p>","protected":false},"excerpt":{"rendered":"<p>Le Serengeti, une \u00e9tendue infinie de plaines dor\u00e9es, de savanes sans fin et de vie sauvage abondante, est le joyau de la couronne des safaris africains. Une terre o\u00f9 les aventures prennent vie et o\u00f9 les rencontres avec la faune africaine vous laisseront des souvenirs imp\u00e9rissables. Un Monde de Migration Le Serengeti est c\u00e9l\u00e8bre pour [&hellip;]<\/p>","protected":false},"featured_media":1583,"template":"","meta":[],"product_cat":[41],"product_tag":[],"class_list":["post-1579","product","type-product","status-publish","has-post-thumbnail","hentry","product_cat-safaris"],"acf":[],"_links":{"self":[{"href":"https:\/\/tanzadream.com\/en\/wp-json\/wp\/v2\/product\/1579","targetHints":{"allow":["GET"]}}],"collection":[{"href":"https:\/\/tanzadream.com\/en\/wp-json\/wp\/v2\/product"}],"about":[{"href":"https:\/\/tanzadream.com\/en\/wp-json\/wp\/v2\/types\/product"}],"wp:featuredmedia":[{"embeddable":true,"href":"https:\/\/tanzadream.com\/en\/wp-json\/wp\/v2\/media\/1583"}],"wp:attachment":[{"href":"https:\/\/tanzadream.com\/en\/wp-json\/wp\/v2\/media?parent=1579"}],"wp:term":[{"taxonomy":"product_cat","embeddable":true,"href":"https:\/\/tanzadream.com\/en\/wp-json\/wp\/v2\/product_cat?post=1579"},{"taxonomy":"product_tag","embeddable":true,"href":"https:\/\/tanzadream.com\/en\/wp-json\/wp\/v2\/product_tag?post=1579"}],"curies":[{"name":"wp","href":"https:\/\/api.w.org\/{rel}","templated":true}]}}