{"id":1604,"date":"2023-11-15T17:02:53","date_gmt":"2023-11-15T16:02:53","guid":{"rendered":"https:\/\/tanzadream.com\/?post_type=product&#038;p=1604"},"modified":"2023-11-16T08:53:47","modified_gmt":"2023-11-16T07:53:47","slug":"nakupenda-island","status":"publish","type":"product","link":"https:\/\/tanzadream.com\/en\/informations\/nakupenda-island\/","title":{"rendered":"Nakupenda Island"},"content":{"rendered":"<p>Nakupenda Island, litt\u00e9ralement \u00ab\u00a0Je t\u2019aime\u00a0\u00bb en swahili, est une \u00eele idyllique nich\u00e9e dans les eaux turquoises de Zanzibar, offrant une escapade exquise pour les amoureux de la nature et les chercheurs de moments de d\u00e9tente intemporels.<\/p>\n<h4>Paradis Intime<\/h4>\n<p>Nakupenda is a small, isolated island where time seems to stand still. From white sandy beaches to crystal-clear waters, this heavenly enclave offers a peaceful atmosphere and breathtaking natural beauty.<\/p>\n<h4>Relaxation and swimming<\/h4>\n<p>Take advantage of the privacy offered by Nakupenda Island to relax on unspoilt beaches and take refreshing dips in calm, translucent waters. Let yourself be enchanted by the serenity of this unspoilt place.<\/p>\n<h4>Snorkelling and Marine Exploration<\/h4>\n<p>The waters around Nakupenda are teeming with fascinating marine life. Put on a mask and snorkel to explore the colourful coral reefs and discover the wealth of underwater wildlife, from tropical fish to dazzling corals.<\/p>\n<h4>Pique-nique sur l&rsquo;\u00cele<\/h4>\n<p>Enjoy a moment of absolute tranquillity as you savour a carefully prepared picnic, accompanied by local delicacies, while soaking up the natural beauty and tranquillity of Nakupenda Island.<\/p>\n<h4>Book Your Island Escape<\/h4>\n<p>Plongez dans l&rsquo;intimit\u00e9 et la beaut\u00e9 naturelle de Nakupenda Island en r\u00e9servant votre visite d\u00e8s maintenant.<\/p>\n<p>Nakupenda Island n&rsquo;est pas juste une \u00eele, c&rsquo;est une d\u00e9claration d&rsquo;amour \u00e0 la beaut\u00e9 naturelle de Zanzibar.<\/p>","protected":false},"excerpt":{"rendered":"<p>Nakupenda Island, litt\u00e9ralement \u00ab\u00a0Je t&rsquo;aime\u00a0\u00bb en swahili, est une \u00eele idyllique nich\u00e9e dans les eaux turquoises de Zanzibar, offrant une escapade exquise pour les amoureux de la nature et les chercheurs de moments de d\u00e9tente intemporels. Paradis Intime Nakupenda est une petite \u00eele isol\u00e9e o\u00f9 le temps semble suspendu. Des plages de sable blanc aux [&hellip;]<\/p>","protected":false},"featured_media":1625,"template":"","meta":[],"product_cat":[43],"product_tag":[],"class_list":["post-1604","product","type-product","status-publish","has-post-thumbnail","hentry","product_cat-zanzibar"],"acf":[],"_links":{"self":[{"href":"https:\/\/tanzadream.com\/en\/wp-json\/wp\/v2\/product\/1604","targetHints":{"allow":["GET"]}}],"collection":[{"href":"https:\/\/tanzadream.com\/en\/wp-json\/wp\/v2\/product"}],"about":[{"href":"https:\/\/tanzadream.com\/en\/wp-json\/wp\/v2\/types\/product"}],"wp:featuredmedia":[{"embeddable":true,"href":"https:\/\/tanzadream.com\/en\/wp-json\/wp\/v2\/media\/1625"}],"wp:attachment":[{"href":"https:\/\/tanzadream.com\/en\/wp-json\/wp\/v2\/media?parent=1604"}],"wp:term":[{"taxonomy":"product_cat","embeddable":true,"href":"https:\/\/tanzadream.com\/en\/wp-json\/wp\/v2\/product_cat?post=1604"},{"taxonomy":"product_tag","embeddable":true,"href":"https:\/\/tanzadream.com\/en\/wp-json\/wp\/v2\/product_tag?post=1604"}],"curies":[{"name":"wp","href":"https:\/\/api.w.org\/{rel}","templated":true}]}}