{"id":49,"date":"2018-02-08T12:52:22","date_gmt":"2018-02-08T12:52:22","guid":{"rendered":"https:\/\/themes.themeenergy.com\/bookyourtravel\/travel-guide\/?page_id=49"},"modified":"2023-11-21T14:16:14","modified_gmt":"2023-11-21T13:16:14","slug":"package","status":"publish","type":"page","link":"https:\/\/tanzadream.com\/fr_fr\/package\/","title":{"rendered":"Package"},"content":{"rendered":"\t\t<div data-elementor-type=\"wp-page\" data-elementor-id=\"49\" class=\"elementor elementor-49\" data-elementor-post-type=\"page\">\n\t\t\t\t\t\t\t<div class=\"elementor-element elementor-element-b72e8dc e-flex e-con-boxed e-con e-parent\" data-id=\"b72e8dc\" data-element_type=\"container\" data-settings=\"{&quot;background_background&quot;:&quot;classic&quot;,&quot;content_width&quot;:&quot;boxed&quot;}\" data-core-v316-plus=\"true\">\n\t\t\t\t\t<div class=\"e-con-inner\">\n\t\t\t\t<div class=\"elementor-element elementor-element-f47e509 subtitles elementor-widget elementor-widget-text-editor\" data-id=\"f47e509\" data-element_type=\"widget\" data-widget_type=\"text-editor.default\">\n\t\t\t\t<div class=\"elementor-widget-container\">\n\t\t\t<style>\/*! elementor - v3.17.0 - 08-11-2023 *\/\n.elementor-widget-text-editor.elementor-drop-cap-view-stacked .elementor-drop-cap{background-color:#69727d;color:#fff}.elementor-widget-text-editor.elementor-drop-cap-view-framed .elementor-drop-cap{color:#69727d;border:3px solid;background-color:transparent}.elementor-widget-text-editor:not(.elementor-drop-cap-view-default) .elementor-drop-cap{margin-top:8px}.elementor-widget-text-editor:not(.elementor-drop-cap-view-default) .elementor-drop-cap-letter{width:1em;height:1em}.elementor-widget-text-editor .elementor-drop-cap{float:left;text-align:center;line-height:1;font-size:50px}.elementor-widget-text-editor .elementor-drop-cap-letter{display:inline-block}<\/style>\t\t\t\t<p>Packages Tanzadream<\/p>\t\t\t\t\t\t<\/div>\n\t\t\t\t<\/div>\n\t\t\t\t\t<\/div>\n\t\t\t\t<\/div>\n\t\t<div class=\"elementor-element elementor-element-2ae1e47 e-flex e-con-boxed e-con e-parent\" data-id=\"2ae1e47\" data-element_type=\"container\" data-settings=\"{&quot;content_width&quot;:&quot;boxed&quot;}\" data-core-v316-plus=\"true\">\n\t\t\t\t\t<div class=\"e-con-inner\">\n\t\t\t\t<div class=\"elementor-element elementor-element-74e78b8 elementor-widget elementor-widget-text-editor\" data-id=\"74e78b8\" data-element_type=\"widget\" data-widget_type=\"text-editor.default\">\n\t\t\t\t<div class=\"elementor-widget-container\">\n\t\t\t\t\t\t\tUne aventure qui vous correspond\t\t\t\t\t\t<\/div>\n\t\t\t\t<\/div>\n\t\t\t\t<div class=\"elementor-element elementor-element-557d76f elementor-widget__width-initial elementor-widget elementor-widget-text-editor\" data-id=\"557d76f\" data-element_type=\"widget\" data-widget_type=\"text-editor.default\">\n\t\t\t\t<div class=\"elementor-widget-container\">\n\t\t\t\t\t\t\t<div class=\"flex flex-grow flex-col max-w-full gap-3 gizmo:gap-0\"><div class=\"min-h-[20px] text-message peer flex flex-col items-start gap-3 whitespace-pre-wrap break-words peer-[.text-message]:mt-5 overflow-x-auto\" data-message-author-role=\"assistant\" data-message-id=\"98ebf691-fa24-489e-b051-cafad4bff3b1\"><div class=\"markdown prose w-full break-words dark:prose-invert dark\"><p style=\"text-align: left;\">Embarquez dans l&rsquo;aventure sans vous soucier du choix des activit\u00e9s !<\/p><p style=\"text-align: left;\">Con\u00e7us pour s&rsquo;adapter \u00e0 vos attentes et niveaux d&rsquo;\u00e9nergie, nos packages vous promettent une aventure sur mesure.<\/p><p style=\"text-align: left;\">S\u00e9lectionnez celui qui vous inspire le plus et pr\u00e9parez-vous \u00e0 vivre une exp\u00e9rience inoubliable en Tanzanie !<\/p><p style=\"text-align: left;\">Explorez nos envo\u00fbtants Packages Tanzadream :<\/p><p>\u00a0<\/p><\/div><\/div><\/div>\t\t\t\t\t\t<\/div>\n\t\t\t\t<\/div>\n\t\t\t\t\t<\/div>\n\t\t\t\t<\/div>\n\t\t<div class=\"elementor-element elementor-element-832a4b5 e-flex e-con-boxed e-con e-parent\" data-id=\"832a4b5\" data-element_type=\"container\" data-settings=\"{&quot;content_width&quot;:&quot;boxed&quot;}\" data-core-v316-plus=\"true\">\n\t\t\t\t\t<div class=\"e-con-inner\">\n\t\t<div class=\"elementor-element elementor-element-6cb24bf e-con-full e-flex e-con e-child\" data-id=\"6cb24bf\" data-element_type=\"container\" data-settings=\"{&quot;content_width&quot;:&quot;full&quot;}\">\n\t\t\t\t<div class=\"elementor-element elementor-element-0a1c49c elementor-flip-box--effect-fade elementor-widget elementor-widget-flip-box\" data-id=\"0a1c49c\" data-element_type=\"widget\" data-widget_type=\"flip-box.default\">\n\t\t\t\t<div class=\"elementor-widget-container\">\n\t\t\t<link rel=\"stylesheet\" href=\"https:\/\/tanzadream.com\/wp-content\/plugins\/elementor-pro\/assets\/css\/widget-flip-box.min.css\">\t\t<div class=\"elementor-flip-box\" tabindex=\"0\">\n\t\t\t<div class=\"elementor-flip-box__layer elementor-flip-box__front\">\n\t\t\t\t<div class=\"elementor-flip-box__layer__overlay\">\n\t\t\t\t\t<div class=\"elementor-flip-box__layer__inner\">\n\t\t\t\t\t\t\t\t\t\t\t\t\t<div class=\"elementor-icon-wrapper elementor-view-default\">\n\t\t\t\t\t\t\t\t<div class=\"elementor-icon\">\n\t\t\t\t\t\t\t\t\t<i class=\"fas fa-fire\"><\/i>\t\t\t\t\t\t\t\t<\/div>\n\t\t\t\t\t\t\t<\/div>\n\t\t\t\t\t\t\n\t\t\t\t\t\t\t\t\t\t\t\t\t<h3 class=\"elementor-flip-box__layer__title\">\n\t\t\t\t\t\t\t\tDynamique & Etonnant\t\t\t\t\t\t\t<\/h3>\n\t\t\t\t\t\t\n\t\t\t\t\t\t\t\t\t\t\t\t\t<div class=\"elementor-flip-box__layer__description\">\n\t\t\t\t\t\t\t\tOptez pour l'intensit\u00e9 avec le package DYNAMIQUE ET ETONNANT, une immersion totale dans la Tanzanie.\n\n<br><br>EN SAVOIR PLUS\t\t\t\t\t\t\t<\/div>\n\t\t\t\t\t\t\t\t\t\t\t<\/div>\n\t\t\t\t<\/div>\n\t\t\t<\/div>\n\t\t\t<div class=\"elementor-flip-box__layer elementor-flip-box__back\">\n\t\t\t<div class=\"elementor-flip-box__layer__overlay\">\n\t\t\t\t<div class=\"elementor-flip-box__layer__inner\">\n\t\t\t\t\t\n\t\t\t\t\t\t\t\t\t\t\t<div class=\"elementor-flip-box__layer__description\">\n\t\t\t\t\t\t\t<strong>\"Un s\u00e9jour \u00c9pique en Tanzanie\"<\/strong>\n<br><br>\n\u200b\n\nD\u00e9couvrez la Tanzanie de mani\u00e8re \u00e9pique avec notre package \"Epique Tanzanie en Tanzanie\".<br>\nCe voyage  vous emm\u00e8ne \u00e0 travers les tr\u00e9sors naturels de ce pays fascinant.<br>\n\nVous aurez \u00e9galement l'opportunit\u00e9 de vous d\u00e9tendre sur les plages de l'archipel de Zanzibar.<br> C'est l'aventure ultime pour les amoureux de la nature et les passionn\u00e9s de safari.\n\n\n\nCette offre est con\u00e7ue pour les amateurs d'aventures, de nature, de culture et d'histoire\t\t\t\t\t\t<\/div>\n\t\t\t\t\t\n\t\t\t\t\t\t\t\t\t\t\t<a class=\"elementor-flip-box__button elementor-button elementor-size-sm\" href=\"https:\/\/tanzadream.com\/reservation\/\">\n\t\t\t\t\t\t\tS\u00e9lectionner le package\t\t\t\t\t\t<\/a>\n\t\t\t\t\t\t\t\t<\/div>\n\t\t<\/div>\n\t\t<\/div>\n\t\t<\/div>\n\t\t\t\t<\/div>\n\t\t\t\t<\/div>\n\t\t\t\t<\/div>\n\t\t<div class=\"elementor-element elementor-element-3741e36 e-con-full e-flex e-con e-child\" data-id=\"3741e36\" data-element_type=\"container\" data-settings=\"{&quot;content_width&quot;:&quot;full&quot;}\">\n\t\t\t\t<div class=\"elementor-element elementor-element-8695bf6 elementor-flip-box--effect-fade elementor-widget elementor-widget-flip-box\" data-id=\"8695bf6\" data-element_type=\"widget\" data-widget_type=\"flip-box.default\">\n\t\t\t\t<div class=\"elementor-widget-container\">\n\t\t\t\t\t<div class=\"elementor-flip-box\" tabindex=\"0\">\n\t\t\t<div class=\"elementor-flip-box__layer elementor-flip-box__front\">\n\t\t\t\t<div class=\"elementor-flip-box__layer__overlay\">\n\t\t\t\t\t<div class=\"elementor-flip-box__layer__inner\">\n\t\t\t\t\t\t\t\t\t\t\t\t\t<div class=\"elementor-icon-wrapper elementor-view-default\">\n\t\t\t\t\t\t\t\t<div class=\"elementor-icon\">\n\t\t\t\t\t\t\t\t\t<i class=\"fab fa-safari\"><\/i>\t\t\t\t\t\t\t\t<\/div>\n\t\t\t\t\t\t\t<\/div>\n\t\t\t\t\t\t\n\t\t\t\t\t\t\t\t\t\t\t\t\t<h3 class=\"elementor-flip-box__layer__title\">\n\t\t\t\t\t\t\t\tMod\u00e9r\u00e9\t\t\t\t\t\t\t<\/h3>\n\t\t\t\t\t\t\n\t\t\t\t\t\t\t\t\t\t\t\t\t<div class=\"elementor-flip-box__layer__description\">\n\t\t\t\t\t\t\t\tChoisissez le package MOD\u00c9R\u00c9 pour une exp\u00e9rience \u00e9quilibr\u00e9e.\n\n<br><br>EN SAVOIR PLUS\t\t\t\t\t\t\t<\/div>\n\t\t\t\t\t\t\t\t\t\t\t<\/div>\n\t\t\t\t<\/div>\n\t\t\t<\/div>\n\t\t\t<div class=\"elementor-flip-box__layer elementor-flip-box__back\">\n\t\t\t<div class=\"elementor-flip-box__layer__overlay\">\n\t\t\t\t<div class=\"elementor-flip-box__layer__inner\">\n\t\t\t\t\t\n\t\t\t\t\t\t\t\t\t\t\t<div class=\"elementor-flip-box__layer__description\">\n\t\t\t\t\t\t\t<strong>\"D\u00e9couverte de la Faune et de la Culture en Tanzanie\"<\/strong>\n<br><br>\n\u200b\n\nPour une exp\u00e9rience \u00e9quilibr\u00e9e entre aventure et d\u00e9tente, optez pour notre package \"D\u00e9couverte de la Faune et de la Culture en Tanzanie\".<br>\n\nCe voyage  vous emm\u00e8ne \u00e0 la rencontre de la faune spectaculaire. \n\n \n\nParfait pour ceux qui recherchent une immersion dans la nature et la culture\t\t\t\t\t\t<\/div>\n\t\t\t\t\t\n\t\t\t\t\t\t\t\t\t\t\t<a class=\"elementor-flip-box__button elementor-button elementor-size-sm\" href=\"https:\/\/tanzadream.com\/reservation\/\">\n\t\t\t\t\t\t\tS\u00e9lectionner le package\t\t\t\t\t\t<\/a>\n\t\t\t\t\t\t\t\t<\/div>\n\t\t<\/div>\n\t\t<\/div>\n\t\t<\/div>\n\t\t\t\t<\/div>\n\t\t\t\t<\/div>\n\t\t\t\t<\/div>\n\t\t<div class=\"elementor-element elementor-element-d058f8d e-con-full e-flex e-con e-child\" data-id=\"d058f8d\" data-element_type=\"container\" data-settings=\"{&quot;content_width&quot;:&quot;full&quot;}\">\n\t\t\t\t<div class=\"elementor-element elementor-element-23e2227 elementor-flip-box--effect-fade elementor-widget elementor-widget-flip-box\" data-id=\"23e2227\" data-element_type=\"widget\" data-widget_type=\"flip-box.default\">\n\t\t\t\t<div class=\"elementor-widget-container\">\n\t\t\t\t\t<div class=\"elementor-flip-box\" tabindex=\"0\">\n\t\t\t<div class=\"elementor-flip-box__layer elementor-flip-box__front\">\n\t\t\t\t<div class=\"elementor-flip-box__layer__overlay\">\n\t\t\t\t\t<div class=\"elementor-flip-box__layer__inner\">\n\t\t\t\t\t\t\t\t\t\t\t\t\t<div class=\"elementor-icon-wrapper elementor-view-default\">\n\t\t\t\t\t\t\t\t<div class=\"elementor-icon\">\n\t\t\t\t\t\t\t\t\t<i class=\"fas fa-glass-martini-alt\"><\/i>\t\t\t\t\t\t\t\t<\/div>\n\t\t\t\t\t\t\t<\/div>\n\t\t\t\t\t\t\n\t\t\t\t\t\t\t\t\t\t\t\t\t<h3 class=\"elementor-flip-box__layer__title\">\n\t\t\t\t\t\t\t\tCalme\t\t\t\t\t\t\t<\/h3>\n\t\t\t\t\t\t\n\t\t\t\t\t\t\t\t\t\t\t\t\t<div class=\"elementor-flip-box__layer__description\">\n\t\t\t\t\t\t\t\tPr\u00e9f\u00e9rez la tranquillit\u00e9 avec le package CALME.\n\n<br><br>EN SAVOIR PLUS\t\t\t\t\t\t\t<\/div>\n\t\t\t\t\t\t\t\t\t\t\t<\/div>\n\t\t\t\t<\/div>\n\t\t\t<\/div>\n\t\t\t<div class=\"elementor-flip-box__layer elementor-flip-box__back\">\n\t\t\t<div class=\"elementor-flip-box__layer__overlay\">\n\t\t\t\t<div class=\"elementor-flip-box__layer__inner\">\n\t\t\t\t\t\n\t\t\t\t\t\t\t\t\t\t\t<div class=\"elementor-flip-box__layer__description\">\n\t\t\t\t\t\t\t<strong>\"Retraite Baln\u00e9aire \u00e0 Zanzibar\"<\/strong>\n<br><br>\n\u200b\n\nSi vous r\u00eavez de vous d\u00e9tendre sur des plages de sable blanc et de plonger dans les eaux cristallines de l'oc\u00e9an Indien, notre package \"Retraite Baln\u00e9aire \u00e0 Zanzibar\" est fait pour vous. Ce s\u00e9jour vous offre une exp\u00e9rience de d\u00e9tente totale sur l'\u00eele enchanteresse de Zanzibar. Profitez de l'hospitalit\u00e9 luxueuse d'un h\u00f4tel de plage, d\u00e9couvrez la culture et l'histoire de Stone Town, et d\u00e9lectez-vous de fruits de mer frais. \t\t\t\t\t\t<\/div>\n\t\t\t\t\t\n\t\t\t\t\t\t\t\t\t\t\t<a class=\"elementor-flip-box__button elementor-button elementor-size-sm\" href=\"https:\/\/tanzadream.com\/reservation\/\">\n\t\t\t\t\t\t\tS\u00e9lectionner le package\t\t\t\t\t\t<\/a>\n\t\t\t\t\t\t\t\t<\/div>\n\t\t<\/div>\n\t\t<\/div>\n\t\t<\/div>\n\t\t\t\t<\/div>\n\t\t\t\t<\/div>\n\t\t\t\t<\/div>\n\t\t\t\t\t<\/div>\n\t\t\t\t<\/div>\n\t\t<div class=\"elementor-element elementor-element-09a7f07 e-flex e-con-boxed e-con e-parent\" data-id=\"09a7f07\" data-element_type=\"container\" data-settings=\"{&quot;content_width&quot;:&quot;boxed&quot;}\" data-core-v316-plus=\"true\">\n\t\t\t\t\t<div class=\"e-con-inner\">\n\t\t\t\t<div class=\"elementor-element elementor-element-0878550 elementor-widget elementor-widget-text-editor\" data-id=\"0878550\" data-element_type=\"widget\" data-widget_type=\"text-editor.default\">\n\t\t\t\t<div class=\"elementor-widget-container\">\n\t\t\t\t\t\t\tVous souhaitez cr\u00e9er vos propres aventures ?\t\t\t\t\t\t<\/div>\n\t\t\t\t<\/div>\n\t\t\t\t\t<\/div>\n\t\t\t\t<\/div>\n\t\t<div class=\"elementor-element elementor-element-b5e5d56 e-flex e-con-boxed e-con e-parent\" data-id=\"b5e5d56\" data-element_type=\"container\" data-settings=\"{&quot;content_width&quot;:&quot;boxed&quot;}\" data-core-v316-plus=\"true\">\n\t\t\t\t\t<div class=\"e-con-inner\">\n\t\t<div class=\"elementor-element elementor-element-e41ad30 e-con-full e-flex e-con e-child\" data-id=\"e41ad30\" data-element_type=\"container\" data-settings=\"{&quot;content_width&quot;:&quot;full&quot;,&quot;background_background&quot;:&quot;classic&quot;}\">\n\t\t\t\t<div class=\"elementor-element elementor-element-a1f166a elementor-widget__width-initial elementor-widget elementor-widget-text-editor\" data-id=\"a1f166a\" data-element_type=\"widget\" data-widget_type=\"text-editor.default\">\n\t\t\t\t<div class=\"elementor-widget-container\">\n\t\t\t\t\t\t\t<div class=\"flex flex-grow flex-col max-w-full gap-3 gizmo:gap-0\"><div class=\"min-h-[20px] text-message peer flex flex-col items-start gap-3 whitespace-pre-wrap break-words peer-[.text-message]:mt-5 overflow-x-auto\" data-message-author-role=\"assistant\" data-message-id=\"98ebf691-fa24-489e-b051-cafad4bff3b1\"><div class=\"markdown prose w-full break-words dark:prose-invert dark\"><div class=\"flex-col gap-1 md:gap-3\"><div class=\"flex flex-grow flex-col max-w-full gap-3 gizmo:gap-0\"><div class=\"min-h-[20px] text-message peer flex flex-col items-start gap-3 whitespace-pre-wrap break-words peer-[.text-message]:mt-5 overflow-x-auto\" data-message-author-role=\"assistant\" data-message-id=\"2d22bcb9-9386-4dd7-adbc-ee90c5ca2ba7\"><div class=\"markdown prose w-full break-words dark:prose-invert dark\"><p>Embarquez dans une aventure excitante et cr\u00e9ez votre propre exp\u00e9rience magique en Tanzanie !<br \/>Vous avez le pouvoir de choisir parmi une multitude d&rsquo;activit\u00e9s captivantes et de cr\u00e9er votre propre panier d&rsquo;activit\u00e9s.<\/p><p>Explorez nos options et personnalisez chaque instant de votre voyage avec un itin\u00e9raire unique :<\/p><\/div><\/div><\/div><\/div><\/div><\/div><\/div>\t\t\t\t\t\t<\/div>\n\t\t\t\t<\/div>\n\t\t\t\t<div class=\"elementor-element elementor-element-2dc4820 elementor-align-left elementor-mobile-align-center elementor-widget elementor-widget-button\" data-id=\"2dc4820\" data-element_type=\"widget\" data-widget_type=\"button.default\">\n\t\t\t\t<div class=\"elementor-widget-container\">\n\t\t\t\t\t<div class=\"elementor-button-wrapper\">\n\t\t\t<a class=\"elementor-button elementor-button-link elementor-size-sm\" href=\"https:\/\/tanzadream.com\/decouverte\/\">\n\t\t\t\t\t\t<span class=\"elementor-button-content-wrapper\">\n\t\t\t\t\t\t<span class=\"elementor-button-text\">Cr\u00e9er son itin\u00e9raire personnalis\u00e9<\/span>\n\t\t<\/span>\n\t\t\t\t\t<\/a>\n\t\t<\/div>\n\t\t\t\t<\/div>\n\t\t\t\t<\/div>\n\t\t\t\t<\/div>\n\t\t<div class=\"elementor-element elementor-element-fb2c759 e-con-full e-flex e-con e-child\" data-id=\"fb2c759\" data-element_type=\"container\" data-settings=\"{&quot;content_width&quot;:&quot;full&quot;}\">\n\t\t\t\t<div class=\"elementor-element elementor-element-d169614 elementor-widget elementor-widget-image\" data-id=\"d169614\" data-element_type=\"widget\" data-widget_type=\"image.default\">\n\t\t\t\t<div class=\"elementor-widget-container\">\n\t\t\t<style>\/*! elementor - v3.17.0 - 08-11-2023 *\/\n.elementor-widget-image{text-align:center}.elementor-widget-image a{display:inline-block}.elementor-widget-image a img[src$=\".svg\"]{width:48px}.elementor-widget-image img{vertical-align:middle;display:inline-block}<\/style>\t\t\t\t\t\t\t\t\t\t\t\t<img fetchpriority=\"high\" decoding=\"async\" width=\"850\" height=\"590\" src=\"https:\/\/tanzadream.com\/wp-content\/uploads\/2023\/11\/mixed-1024x711.png\" class=\"attachment-large size-large wp-image-1129\" alt=\"\" srcset=\"https:\/\/tanzadream.com\/wp-content\/uploads\/2023\/11\/mixed-1024x711.png 1024w, https:\/\/tanzadream.com\/wp-content\/uploads\/2023\/11\/mixed-600x417.png 600w, https:\/\/tanzadream.com\/wp-content\/uploads\/2023\/11\/mixed-300x208.png 300w, https:\/\/tanzadream.com\/wp-content\/uploads\/2023\/11\/mixed-768x533.png 768w, https:\/\/tanzadream.com\/wp-content\/uploads\/2023\/11\/mixed-1536x1066.png 1536w, https:\/\/tanzadream.com\/wp-content\/uploads\/2023\/11\/mixed.png 1632w\" sizes=\"(max-width: 850px) 100vw, 850px\" \/>\t\t\t\t\t\t\t\t\t\t\t\t\t\t\t<\/div>\n\t\t\t\t<\/div>\n\t\t\t\t<\/div>\n\t\t\t\t\t<\/div>\n\t\t\t\t<\/div>\n\t\t<div class=\"elementor-element elementor-element-6b877af e-flex e-con-boxed e-con e-parent\" data-id=\"6b877af\" data-element_type=\"container\" data-settings=\"{&quot;content_width&quot;:&quot;boxed&quot;}\" data-core-v316-plus=\"true\">\n\t\t\t\t\t<div class=\"e-con-inner\">\n\t\t<div class=\"elementor-element elementor-element-ae9e19a e-con-full e-flex e-con e-child\" data-id=\"ae9e19a\" data-element_type=\"container\" data-settings=\"{&quot;content_width&quot;:&quot;full&quot;}\">\n\t\t\t\t<div class=\"elementor-element elementor-element-a920743 elementor-widget elementor-widget-text-editor\" data-id=\"a920743\" data-element_type=\"widget\" data-widget_type=\"text-editor.default\">\n\t\t\t\t<div class=\"elementor-widget-container\">\n\t\t\t\t\t\t\t<p>@Tanzadream 2023 &#8211; Tous droits r\u00e9serv\u00e9s<\/p>\t\t\t\t\t\t<\/div>\n\t\t\t\t<\/div>\n\t\t\t\t<\/div>\n\t\t<div class=\"elementor-element elementor-element-cbe77b8 e-con-full e-flex e-con e-child\" data-id=\"cbe77b8\" data-element_type=\"container\" data-settings=\"{&quot;content_width&quot;:&quot;full&quot;}\">\n\t\t\t\t<div class=\"elementor-element elementor-element-fb3bb62 elementor-nav-menu__align-right elementor-nav-menu--dropdown-none elementor-widget elementor-widget-nav-menu\" data-id=\"fb3bb62\" data-element_type=\"widget\" data-settings=\"{&quot;layout&quot;:&quot;horizontal&quot;,&quot;submenu_icon&quot;:{&quot;value&quot;:&quot;&lt;i class=\\&quot;fas fa-caret-down\\&quot;&gt;&lt;\\\/i&gt;&quot;,&quot;library&quot;:&quot;fa-solid&quot;}}\" data-widget_type=\"nav-menu.default\">\n\t\t\t\t<div class=\"elementor-widget-container\">\n\t\t\t<link rel=\"stylesheet\" href=\"https:\/\/tanzadream.com\/wp-content\/plugins\/elementor-pro\/assets\/css\/widget-nav-menu.min.css\">\t\t\t<nav class=\"elementor-nav-menu--main elementor-nav-menu__container elementor-nav-menu--layout-horizontal e--pointer-none\">\n\t\t\t\t<ul id=\"menu-1-fb3bb62\" class=\"elementor-nav-menu\"><li class=\"menu-item menu-item-type-post_type menu-item-object-page menu-item-1491\"><a href=\"https:\/\/tanzadream.com\/fr_fr\/conditions-utilisation\/\" class=\"elementor-item\">Conditions g\u00e9n\u00e9rales<\/a><\/li>\n<\/ul>\t\t\t<\/nav>\n\t\t\t\t\t\t<nav class=\"elementor-nav-menu--dropdown elementor-nav-menu__container\" aria-hidden=\"true\">\n\t\t\t\t<ul id=\"menu-2-fb3bb62\" class=\"elementor-nav-menu\"><li class=\"menu-item menu-item-type-post_type menu-item-object-page menu-item-1491\"><a href=\"https:\/\/tanzadream.com\/fr_fr\/conditions-utilisation\/\" class=\"elementor-item\" tabindex=\"-1\">Conditions g\u00e9n\u00e9rales<\/a><\/li>\n<\/ul>\t\t\t<\/nav>\n\t\t\t\t<\/div>\n\t\t\t\t<\/div>\n\t\t\t\t<\/div>\n\t\t\t\t\t<\/div>\n\t\t\t\t<\/div>\n\t\t<div class=\"elementor-element elementor-element-9579f28 e-flex e-con-boxed e-con e-parent\" data-id=\"9579f28\" data-element_type=\"container\" data-settings=\"{&quot;content_width&quot;:&quot;boxed&quot;}\" data-core-v316-plus=\"true\">\n\t\t\t\t\t<div class=\"e-con-inner\">\n\t\t\t\t\t<\/div>\n\t\t\t\t<\/div>\n\t\t\t\t\t\t\t<\/div>\n\t\t","protected":false},"excerpt":{"rendered":"<p>Packages Tanzadream Une aventure qui vous correspond Embarquez dans l&rsquo;aventure sans vous soucier du choix des activit\u00e9s ! Con\u00e7us pour s&rsquo;adapter \u00e0 vos attentes et niveaux d&rsquo;\u00e9nergie, nos packages vous promettent une aventure sur mesure. S\u00e9lectionnez celui qui vous inspire le plus et pr\u00e9parez-vous \u00e0 vivre une exp\u00e9rience inoubliable en Tanzanie ! Explorez nos envo\u00fbtants [&hellip;]<\/p>\n","protected":false},"author":1,"featured_media":0,"parent":0,"menu_order":0,"comment_status":"closed","ping_status":"closed","template":"elementor_header_footer","meta":{"footnotes":""},"class_list":["post-49","page","type-page","status-publish","hentry"],"acf":[],"_links":{"self":[{"href":"https:\/\/tanzadream.com\/fr_fr\/wp-json\/wp\/v2\/pages\/49","targetHints":{"allow":["GET"]}}],"collection":[{"href":"https:\/\/tanzadream.com\/fr_fr\/wp-json\/wp\/v2\/pages"}],"about":[{"href":"https:\/\/tanzadream.com\/fr_fr\/wp-json\/wp\/v2\/types\/page"}],"author":[{"embeddable":true,"href":"https:\/\/tanzadream.com\/fr_fr\/wp-json\/wp\/v2\/users\/1"}],"replies":[{"embeddable":true,"href":"https:\/\/tanzadream.com\/fr_fr\/wp-json\/wp\/v2\/comments?post=49"}],"version-history":[{"count":165,"href":"https:\/\/tanzadream.com\/fr_fr\/wp-json\/wp\/v2\/pages\/49\/revisions"}],"predecessor-version":[{"id":1691,"href":"https:\/\/tanzadream.com\/fr_fr\/wp-json\/wp\/v2\/pages\/49\/revisions\/1691"}],"wp:attachment":[{"href":"https:\/\/tanzadream.com\/fr_fr\/wp-json\/wp\/v2\/media?parent=49"}],"curies":[{"name":"wp","href":"https:\/\/api.w.org\/{rel}","templated":true}]}}