{"id":51,"date":"2018-02-08T12:53:14","date_gmt":"2018-02-08T11:53:14","guid":{"rendered":"https:\/\/themes.themeenergy.com\/bookyourtravel\/travel-guide\/?page_id=51"},"modified":"2023-11-24T11:11:07","modified_gmt":"2023-11-24T10:11:07","slug":"decouvrir-la-tanzanie","status":"publish","type":"page","link":"https:\/\/tanzadream.com\/fr_fr\/decouvrir-la-tanzanie\/","title":{"rendered":"D\u00e9couvrir la Tanzanie"},"content":{"rendered":"<section class=\"wpb-content-wrapper\"><div data-vc-full-width=\"true\" data-vc-full-width-init=\"false\" class=\"vc_row wpb_row vc_row-fluid vc_custom_1700820652766 vc_row-has-fill\"><div class=\"wpb_column vc_column_container vc_col-sm-6\"><div class=\"vc_column-inner\"><div class=\"wpb_wrapper\"><h1 style=\"font-size: 52px;color: #ffffff;line-height: 1;text-align: left;font-family:Roboto;font-weight:700;font-style:normal\" class=\"vc_custom_heading subtitles vc_custom_1699563883162\" >LA TANZANIE<\/h1><\/div><\/div><\/div><div class=\"wpb_column vc_column_container vc_col-sm-6\"><div class=\"vc_column-inner\"><div class=\"wpb_wrapper\"><\/div><\/div><\/div><\/div><div class=\"vc_row-full-width vc_clearfix\"><\/div><div data-vc-full-width=\"true\" data-vc-full-width-init=\"false\" class=\"vc_row wpb_row vc_row-fluid vc_custom_1699456432773 vc_row-has-fill vc_row-o-content-middle vc_row-flex\"><div class=\"wpb_column vc_column_container vc_col-sm-6\" id=\"when-column\"><div class=\"vc_column-inner\"><div class=\"wpb_wrapper\">\n\t<div class=\"wpb_text_column wpb_content_element \" >\n\t\t<div class=\"wpb_wrapper\">\n\t\t\t<div id=\"comp-lismcpil1\" class=\"KcpHeO tz5f0K comp-lismcpil1 wixui-rich-text\" data-testid=\"richTextElement\">\n<h2 class=\"font_6 wixui-rich-text__text\"><span class=\"wixui-rich-text__text\">Quand partir ?<\/span><\/h2>\n<hr \/>\n<p>&nbsp;\n<\/p><\/div>\n<p class=\"font_9 wixui-rich-text__text\"><span class=\"wixui-rich-text__text\">La Tanzanie b\u00e9n\u00e9ficie d&rsquo;un climat tropical, ce qui signifie qu&rsquo;elle peut \u00eatre visit\u00e9e tout au long de l&rsquo;ann\u00e9e. <\/span><\/p>\n<p class=\"font_9 wixui-rich-text__text\"><span class=\"wixui-rich-text__text\">Cependant, il y a quelques variations saisonni\u00e8res \u00e0 prendre en compte lors de la planification de vos vacances en Tanzanie.\u200b<\/span><\/p>\n<p class=\"font_9 wixui-rich-text__text\"><span class=\"wixui-rich-text__text\">La p\u00e9riode la plus populaire pour visiter la Tanzanie est pendant la saison s\u00e8che, qui s&rsquo;\u00e9tend de Juin \u00e0 Octobre.<\/span><\/p>\n<p class=\"font_9 wixui-rich-text__text\"><span class=\"wixui-rich-text__text\">Ces mois donnent g\u00e9n\u00e9ralement des journ\u00e9es ensoleill\u00e9es, peu de pluie et des temp\u00e9ratures agr\u00e9ables. \u00a0<\/span><\/p>\n<p class=\"font_9 wixui-rich-text__text\"><span class=\"wixui-rich-text__text\">C&rsquo;est \u00e9galement la meilleure p\u00e9riode pour observer la faune, en particulier lors de la grande migration des gnous dans le Serengeti, qui a lieu de juin \u00e0 ao\u00fbt.<\/span><\/p>\n<p class=\"font_9 wixui-rich-text__text\"><span class=\"wixui-rich-text__text\">\u200bEn r\u00e9sum\u00e9, la p\u00e9riode id\u00e9ale pour des vacances en Tanzanie d\u00e9pend de vos pr\u00e9f\u00e9rences personnelles. \u00a0 Si vous pr\u00e9f\u00e9rez \u00e9viter les pluies et profiter de la meilleure observation de la faune, les mois de juin \u00e0 octobre sont recommand\u00e9s. \u00a0<\/span><\/p>\n<p class=\"font_9 wixui-rich-text__text\"><span class=\"wixui-rich-text__text\">Si vous recherchez des paysages verdoyants et \u00eates pr\u00eat \u00e0 faire face \u00e0 quelques averses, vous pouvez envisager de visiter pendant la saison des pluies.<\/span><\/p>\n\n\t\t<\/div>\n\t<\/div>\n<\/div><\/div><\/div><div class=\"wpb_column vc_column_container vc_col-sm-6 vc_col-has-fill\"><div class=\"vc_column-inner vc_custom_1699456443815\"><div class=\"wpb_wrapper\"><\/div><\/div><\/div><div class=\"wpb_column vc_column_container vc_col-sm-12\"><div class=\"vc_column-inner\"><div class=\"wpb_wrapper\"><\/div><\/div><\/div><\/div><div class=\"vc_row-full-width vc_clearfix\"><\/div><div class=\"vc_row wpb_row vc_row-fluid\"><div class=\"wpb_column vc_column_container vc_col-sm-12\"><div class=\"vc_column-inner\"><div class=\"wpb_wrapper\">\n\t<div class=\"wpb_text_column wpb_content_element  vc_custom_1699643622651\" >\n\t\t<div class=\"wpb_wrapper\">\n\t\t\t<div id=\"comp-liopoaz92\" class=\"KcpHeO tz5f0K comp-liopoaz92 wixui-rich-text\" data-testid=\"richTextElement\">\n<h2 class=\"font_2 wixui-rich-text__text\"><span class=\"wixui-rich-text__text\">Quelles formalit\u00e9s \u00e0 pr\u00e9voir ?<\/span><\/h2>\n<\/div>\n\n\t\t<\/div>\n\t<\/div>\n<div class=\"widget widget-sidebar \">\t\t\n\t\t<!-- Services iconic -->\n\t\t\t\t<div class=\"iconic small-list\">\n\t\t\t\t\t<div class=\"wrapper\">\n\t\t\t\t<div class=\"row\">\n\t\t\t\t\t\t<!-- Item -->\n\t\t\t\t\t\t<div class=\"one-half\">\n\t\t\t\t\t\t\t\t\t\t\t\t\t\t\t<span class=\"circle\"><span class=\"icon material-icons\">description<\/span><\/span>\n\t\t\t\t\t\t\t\t\t\t\t\t\t\t\t\t\t\t\t\t\t<h4>Conditions d&#039;entr\u00e9e<\/h4>\n\t\t\t\t\t\t\t\t\t\t\t\t\t\t\t\t\t\t\t\t\t<div class=\"desc\">Avant de partir, assurez-vous d&#039;avoir un passeport valide et de conna\u00eetre les exigences en mati\u00e8re de visas pour votre pays. Consultez les conseils aux voyageurs de votre ambassade ou consulat pour les informations les plus r\u00e9centes sur les conditions d&#039;entr\u00e9e et les recommandations de s\u00e9curit\u00e9. Vous pouvez obtenir le visa en ligne avant votre arriv\u00e9e ou \u00e0 l&#039;a\u00e9roport.<\/div>\n\t\t\t\t\t\t\t\t\t\t\t\t\t<\/div>\n\t\t\t\t\t\t<!-- \/\/Item -->\n\t\t\t\t\t\t\t\t\t\t\t\t<!-- Item -->\n\t\t\t\t\t\t<div class=\"one-half\">\n\t\t\t\t\t\t\t\t\t\t\t\t\t\t\t<span class=\"circle\"><span class=\"icon material-icons\">local_hospital<\/span><\/span>\n\t\t\t\t\t\t\t\t\t\t\t\t\t\t\t\t\t\t\t\t\t<h4>Sant\u00e9 et vaccinations<\/h4>\n\t\t\t\t\t\t\t\t\t\t\t\t\t\t\t\t\t\t\t\t\t<div class=\"desc\">La Tanzanie est un pays tropical, il est donc essentiel de se pr\u00e9munir contre les maladies courantes telles que le paludisme et la fi\u00e8vre jaune. Consultez un professionnel de la sant\u00e9 avant votre voyage pour obtenir les vaccins et les m\u00e9dicaments n\u00e9cessaires. N&#039;oubliez pas d&#039;emporter une trousse de premiers secours avec vous<\/div>\n\t\t\t\t\t\t\t\t\t\t\t\t\t<\/div>\n\t\t\t\t\t\t<!-- \/\/Item -->\n\t\t\t\t\t\t\t\t\t\t\t\t<!-- Item -->\n\t\t\t\t\t\t<div class=\"one-half\">\n\t\t\t\t\t\t\t\t\t\t\t\t\t\t\t<span class=\"circle\"><span class=\"icon material-icons\">wb_cloudy<\/span><\/span>\n\t\t\t\t\t\t\t\t\t\t\t\t\t\t\t\t\t\t\t\t\t<h4>Climats &amp; Saisons<\/h4>\n\t\t\t\t\t\t\t\t\t\t\t\t\t\t\t\t\t\t\t\t\t<div class=\"desc\">La Tanzanie un climat vari\u00e9, allant des plaines chaudes et s\u00e8ches du Serengeti aux r\u00e9gions montagneuses plus fra\u00eeches. Renseignez-vous sur les diff\u00e9rentes saisons et pr\u00e9parez votre voyage en cons\u00e9quence. Les p\u00e9riodes de migration des animaux sauvages et les conditions m\u00e9t\u00e9orologiques peuvent influencer votre exp\u00e9rience.<\/div>\n\t\t\t\t\t\t\t\t\t\t\t\t\t<\/div>\n\t\t\t\t\t\t<!-- \/\/Item -->\n\t\t\t\t\t\t\t\t\t\t\t\t<!-- Item -->\n\t\t\t\t\t\t<div class=\"one-half\">\n\t\t\t\t\t\t\t\t\t\t\t\t\t\t\t<span class=\"circle\"><span class=\"icon material-icons\">priority_high<\/span><\/span>\n\t\t\t\t\t\t\t\t\t\t\t\t\t\t\t\t\t\t\t\t\t<h4>S\u00e9curit\u00e9<\/h4>\n\t\t\t\t\t\t\t\t\t\t\t\t\t\t\t\t\t\t\t\t\t<div class=\"desc\">Bien que la Tanzanie soit globalement un pays s\u00fbr, il est toujours important de prendre des pr\u00e9cautions. \u00c9vitez de vous promener seul la nuit, soyez vigilant dans les lieux touristiques et suivez les conseils locaux en mati\u00e8re de s\u00e9curit\u00e9. Gardez vos objets de valeur en s\u00e9curit\u00e9 et ne les exposez pas ostensiblement.<\/div>\n\t\t\t\t\t\t\t\t\t\t\t\t\t<\/div>\n\t\t\t\t\t\t<!-- \/\/Item -->\n\t\t\t\t\t\t\t\t\t\t\t\t<!-- Item -->\n\t\t\t\t\t\t<div class=\"one-half\">\n\t\t\t\t\t\t\t\t\t\t\t\t\t\t\t<span class=\"circle\"><span class=\"icon material-icons\">pool<\/span><\/span>\n\t\t\t\t\t\t\t\t\t\t\t\t\t\t\t\t\t\t\t\t\t<h4>Activit\u00e9s &amp; Attractions<\/h4>\n\t\t\t\t\t\t\t\t\t\t\t\t\t\t\t\t\t\t\t\t\t<div class=\"desc\">En vous pr\u00e9parant ad\u00e9quatement, en respectant les coutumes locales et en faisant preuve d&#039;ouverture d&#039;esprit, vous pr\u00eatez \u00e0 vivre une exp\u00e9rience inoubliable dans ce magnifique pays. <\/div>\n\t\t\t\t\t\t\t\t\t\t\t\t\t<\/div>\n\t\t\t\t\t\t<!-- \/\/Item -->\n\t\t\t\t\t\t\t\t\t\t\n\t\t\t\t<\/div>\n\t\t\t<\/div>\n\t\t<\/div>\n\t\t<!-- \/\/Services iconic -->\n\n\t\t<\/div><\/div><\/div><\/div><\/div><section class=\"vc_section\"><div class=\"vc_row wpb_row vc_row-fluid vc_custom_1699643277961 vc_row-has-fill vc_row-o-content-middle vc_row-flex\"><div class=\"wpb_column vc_column_container vc_col-sm-6\"><div class=\"vc_column-inner\"><div class=\"wpb_wrapper\">\n\t<div class=\"wpb_text_column wpb_content_element  vc_custom_1699979348010\" id=\"text-encadre\">\n\t\t<div class=\"wpb_wrapper\">\n\t\t\t<h3><span style=\"color: #000000;\"><strong>Notre \u00e9quipe d&rsquo;expert Tanzadream a pr\u00e9par\u00e9 de nombreuses activit\u00e9s pour vous !<\/strong><\/span><\/h3>\n\n\t\t<\/div>\n\t<\/div>\n<\/div><\/div><\/div><div class=\"wpb_column vc_column_container vc_col-sm-6\"><div class=\"vc_column-inner\"><div class=\"wpb_wrapper\"><div class=\"vc_btn3-container vc_btn3-center vc_custom_1699979552202\" id=\"btn-activity\" ><a style=\"background-color:#b5884d; color:#ffffff;\" class=\"vc_general vc_btn3 vc_btn3-size-md vc_btn3-shape-square vc_btn3-style-custom\" href=\"https:\/\/tanzadream.com\/decouverte\/\" title=\"Partir \u00e0 l\u2019aventure\">D\u00e9couvrir nos activit\u00e9s<\/a><\/div><\/div><\/div><\/div><\/div><\/section><div data-vc-full-width=\"true\" data-vc-full-width-init=\"false\" class=\"vc_row wpb_row vc_row-fluid vc_custom_1698700836041 vc_row-has-fill\"><div data-vc-parallax=\"1.5\" class=\"wpb_column vc_column_container vc_col-sm-6 vc_col-has-fill vc_general vc_parallax vc_parallax-content-moving\"><div class=\"vc_column-inner\"><div class=\"wpb_wrapper\">\n\t<div class=\"wpb_text_column wpb_content_element \" id=\"footer-txt\">\n\t\t<div class=\"wpb_wrapper\">\n\t\t\t<p><span style=\"color: #b5884d;\"><strong>@Tanzadream 2023 &#8211; Tous droits r\u00e9serv\u00e9s<\/strong><\/span><\/p>\n\n\t\t<\/div>\n\t<\/div>\n<\/div><\/div><\/div><div class=\"wpb_column vc_column_container vc_col-sm-6\"><div class=\"vc_column-inner\"><div class=\"wpb_wrapper\"><div  class=\"vc_wp_custommenu wpb_content_element\"><div class=\"widget widget_nav_menu\"><div class=\"menu-footer-menu-container\"><ul id=\"menu-footer-menu\" class=\"menu\"><li id=\"menu-item-1491\" class=\"menu-item menu-item-type-post_type menu-item-object-page menu-item-1491\"><a href=\"https:\/\/tanzadream.com\/fr_fr\/conditions-utilisation\/\">Conditions g\u00e9n\u00e9rales<\/a><\/li>\n<\/ul><\/div><\/div><\/div><\/div><\/div><\/div><\/div><div class=\"vc_row-full-width vc_clearfix\"><\/div>\n<\/section>","protected":false},"excerpt":{"rendered":"LA TANZANIE Quand partir ? &nbsp; La Tanzanie b\u00e9n\u00e9ficie d'un climat tropical, ce qui signifie qu'elle peut \u00eatre visit\u00e9e tout au long de l'ann\u00e9e. Cependant, il y a quelques variations saisonni\u00e8res \u00e0 prendre en compte lors de la planification de vos vacances en Tanzanie.\u200b La p\u00e9riode la plus populaire pour visiter la Tanzanie est pendant [...]","protected":false},"author":1,"featured_media":0,"parent":0,"menu_order":0,"comment_status":"closed","ping_status":"closed","template":"","meta":{"footnotes":""},"class_list":["post-51","page","type-page","status-publish","hentry"],"acf":[],"_links":{"self":[{"href":"https:\/\/tanzadream.com\/fr_fr\/wp-json\/wp\/v2\/pages\/51","targetHints":{"allow":["GET"]}}],"collection":[{"href":"https:\/\/tanzadream.com\/fr_fr\/wp-json\/wp\/v2\/pages"}],"about":[{"href":"https:\/\/tanzadream.com\/fr_fr\/wp-json\/wp\/v2\/types\/page"}],"author":[{"embeddable":true,"href":"https:\/\/tanzadream.com\/fr_fr\/wp-json\/wp\/v2\/users\/1"}],"replies":[{"embeddable":true,"href":"https:\/\/tanzadream.com\/fr_fr\/wp-json\/wp\/v2\/comments?post=51"}],"version-history":[{"count":24,"href":"https:\/\/tanzadream.com\/fr_fr\/wp-json\/wp\/v2\/pages\/51\/revisions"}],"predecessor-version":[{"id":1703,"href":"https:\/\/tanzadream.com\/fr_fr\/wp-json\/wp\/v2\/pages\/51\/revisions\/1703"}],"wp:attachment":[{"href":"https:\/\/tanzadream.com\/fr_fr\/wp-json\/wp\/v2\/media?parent=51"}],"curies":[{"name":"wp","href":"https:\/\/api.w.org\/{rel}","templated":true}]}}