{"id":966,"date":"2023-11-08T15:18:22","date_gmt":"2023-11-08T14:18:22","guid":{"rendered":"https:\/\/tanzadream.com\/?page_id=966"},"modified":"2023-11-14T17:42:09","modified_gmt":"2023-11-14T16:42:09","slug":"reservation","status":"publish","type":"page","link":"https:\/\/tanzadream.com\/fr_fr\/reservation\/","title":{"rendered":"Votre s\u00e9jour"},"content":{"rendered":"\t\t<div data-elementor-type=\"wp-page\" data-elementor-id=\"966\" class=\"elementor elementor-966\" data-elementor-post-type=\"page\">\n\t\t\t\t\t\t\t<div class=\"elementor-element elementor-element-2f2fd20 e-flex e-con-boxed e-con e-parent\" data-id=\"2f2fd20\" data-element_type=\"container\" data-settings=\"{&quot;content_width&quot;:&quot;boxed&quot;}\" data-core-v316-plus=\"true\">\n\t\t\t\t\t<div class=\"e-con-inner\">\n\t\t\t\t<div class=\"elementor-element elementor-element-66140f6 elementor-widget__width-initial elementor-widget-mobile__width-inherit elementor-widget elementor-widget-text-editor\" data-id=\"66140f6\" data-element_type=\"widget\" data-widget_type=\"text-editor.default\">\n\t\t\t\t<div class=\"elementor-widget-container\">\n\t\t\t<style>\/*! elementor - v3.17.0 - 08-11-2023 *\/\n.elementor-widget-text-editor.elementor-drop-cap-view-stacked .elementor-drop-cap{background-color:#69727d;color:#fff}.elementor-widget-text-editor.elementor-drop-cap-view-framed .elementor-drop-cap{color:#69727d;border:3px solid;background-color:transparent}.elementor-widget-text-editor:not(.elementor-drop-cap-view-default) .elementor-drop-cap{margin-top:8px}.elementor-widget-text-editor:not(.elementor-drop-cap-view-default) .elementor-drop-cap-letter{width:1em;height:1em}.elementor-widget-text-editor .elementor-drop-cap{float:left;text-align:center;line-height:1;font-size:50px}.elementor-widget-text-editor .elementor-drop-cap-letter{display:inline-block}<\/style>\t\t\t\t<p><strong><span style=\"color: #000000;\">Vous souhaitez rejoindre l&rsquo;aventure avec Tanzadream ?<\/span><\/strong><\/p><p><span style=\"color: #000000;\">Remplissez le formulaire ci-dessous et nous vous contacterons rapidement afin de voir les modalit\u00e9s\u00a0 de votre s\u00e9jour ensemble !<\/span><\/p>\t\t\t\t\t\t<\/div>\n\t\t\t\t<\/div>\n\t\t\t\t\t<\/div>\n\t\t\t\t<\/div>\n\t\t<div class=\"elementor-element elementor-element-b263482 e-flex e-con-boxed e-con e-parent\" data-id=\"b263482\" data-element_type=\"container\" data-settings=\"{&quot;content_width&quot;:&quot;boxed&quot;}\" data-core-v316-plus=\"true\">\n\t\t\t\t\t<div class=\"e-con-inner\">\n\t\t\t\t<div class=\"elementor-element elementor-element-7a81947 elementor-widget elementor-widget-shortcode\" data-id=\"7a81947\" data-element_type=\"widget\" data-widget_type=\"shortcode.default\">\n\t\t\t\t<div class=\"elementor-widget-container\">\n\t\t\t\t\t<div class=\"elementor-shortcode\"><form action=\"#\" method=\"post\"><label for=\"email\">Email:<\/label><input type=\"email\" name=\"email\" id=\"email\" required><label for=\"nombre_voyageur\">Nombre de voyageurs:<\/label><input type=\"text\" name=\"nombre_voyageur\" id=\"nombre_voyageur\" required><label for=\"age_voyageurs\">\u00c2ge des voyageurs:<\/label><input type=\"text\" name=\"age_voyageurs\" id=\"age_voyageurs\" required><label for=\"nationalite\">Nationalit\u00e9:<\/label><input type=\"text\" name=\"nationalite\" id=\"nationalite\" required><label for=\"duree_sejour\">Dates du s\u00e9jour:<\/label><input type=\"text\" name=\"duree_sejour\" id=\"duree_sejour\" required><label for=\"aeroport_depart\">A\u00e9roport de d\u00e9part:<\/label><input type=\"text\" name=\"aeroport_depart\" id=\"aeroport_depart\" required><label for=\"aeroport_arrivee\">A\u00e9roport d'arriv\u00e9e:<\/label><input type=\"text\" name=\"aeroport_arrivee\" id=\"aeroport_arrivee\"><label for=\"budget\" class=\"budget\">Budget:<\/label><select name=\"budget\" id=\"budget\" class=\"chosen-select\" required><option value=\"700\">A partir de 700<\/option><option value=\"1300\">A partir de 1 300<\/option><option value=\"2000\">A partir de 2 000<\/option><option value=\"2000plus\">2 000 et plus<\/option><\/select><label for=\"sejour\">Votre s\u00e9jour:<\/label><select name=\"sejour\" id=\"sejour\" class=\"chosen-select\" required><option value=\"itineraire\">Itin\u00e9raire personnalis\u00e9<\/option><option value=\"package\">Package<\/option><\/select><div id=\"selected-products-container\" style=\"display:none;\"><label for=\"selected_products\">Activit\u00e9s :<\/label><select name=\"selected_products[]\" multiple class=\"chosen-select\"><option value=\"1745\" >Coupe d&rsquo;Afrique des nations ( A venir )<\/option><option value=\"1731\" >Morogoro Tour<\/option><option value=\"1729\" >Mafia Island<\/option><option value=\"1642\" >Horse Ridding<\/option><option value=\"1621\" >Kimbidji beach<\/option><option value=\"1617\" >Kendwa beach<\/option><option value=\"1616\" >Dar Es Salaam<\/option><option value=\"1614\" >Secret Beach<\/option><option value=\"1613\" >Jamii Kwanza Association<\/option><option value=\"1612\" >The rock restaurant<\/option><option value=\"1611\" >Local fishing<\/option><option value=\"1610\" >Kilimandjaro<\/option><option value=\"1609\" >Prison Island<\/option><option value=\"1608\" >Kuza Caves<\/option><option value=\"1607\" >Sunset Cruise<\/option><option value=\"1606\" >Baraka Aquarium<\/option><option value=\"1605\" >Kit Surf<\/option><option value=\"1604\" >Nakupenda Island<\/option><option value=\"1603\" >Blue Safari<\/option><option value=\"1588\" >Stone Town<\/option><option value=\"1587\" >Jozani Forest<\/option><option value=\"1579\" >Serengueti Safari<\/option><option value=\"1578\" >Saadani Safari<\/option><option value=\"1577\" >Mikumi Safari<\/option><option value=\"1335\" >Sinda Island<\/option><option value=\"1222\" >Spice farm<\/option><\/select><\/div><div id=\"package-options-container\" style=\"display:none;\"><label for=\"package_option\">Package :<\/label><select name=\"package_option\" class=\"chosen-select\"><option value=\"dynamique\">Dynamique<\/option><option value=\"modere\">Mod\u00e9r\u00e9<\/option><option value=\"calme\">Calme<\/option><\/select><\/div><div style=\"width: 100%\"><label for=\"hebergement\">H\u00e9bergement :<\/label><input type=\"radio\" name=\"hebergement\" id=\"hebergement_yes\" value=\"yes\" required><label for=\"hebergement_yes\">Oui<\/label><input type=\"radio\" name=\"hebergement\" id=\"hebergement_no\" value=\"no\" required><label for=\"hebergement_no\">Non<\/label><\/div><div id=\"additional-fields-container\" style=\"display:none;\"><label for=\"nombre_chambre\">Nombre de chambre :<\/label><input type=\"text\" name=\"nombre_chambre\" id=\"nombre_chambre\"><label for=\"confort_option\">Type de confort : <\/label><select name=\"confort_option\" id=\"confort_option\" class=\"chosen-select\"><option value=\"minimaliste\">Minimaliste<\/option><option value=\"economique\">Economique<\/option><option value=\"meilleur_qualite_prix\">Meilleur rapport qualit\u00e9 prix<\/option><option value=\"luxe\">Luxe<\/option><\/select><label for=\"repas\">Repas inclus : <\/label><input type=\"radio\" name=\"repas\" id=\"repas_yes\" value=\"yes\"><label for=\"repas_yes\">Oui<\/label><input type=\"radio\" name=\"repas\" id=\"repas_no\" value=\"no\"><label for=\"repas_no\">Non<\/label><br><label for=\"budget_hotel\">Budget H\u00e9bergement: <\/label><select name=\"budget_hotel\" id=\"budget_hotel\" class=\"standard-select\"><option value=\"700\">A partir de 700<\/option><option value=\"1300\">A partir de 1 300<\/option><option value=\"2000\">A partir de 2 000<\/option><option value=\"2000plus\">2 000 et plus<\/option><\/select><\/div><label for=\"informations_supplementaires\">Informations suppl\u00e9mentaires:<\/label><textarea name=\"informations_supplementaires\" id=\"informations_supplementaires\" rows=\"4\"><\/textarea><div style=\"width: 100%; display: flex\"><input type=\"submit\" name=\"submit_trip_form\" value=\"ENVOYER\" class=\"custom-submit-button\"><\/div><\/form><script>\r\n       document.addEventListener(\"DOMContentLoaded\", function() {\r\n        jQuery(function($) {\r\n            \/\/ Initialize Select2 for the select elements with the chosen-select class\r\n            $(\".chosen-select\").select2({\r\n                width: \"100%\", \/\/ Set the width to 100%\r\n                minimumResultsForSearch: Infinity, \/\/ Disable the search bar\r\n                allowClear: false, \/\/ Do not allow clearing the selection\r\n                dropdownParent: $(\"#sejour\").parent() \/\/ Set the dropdown parent to the parent of #sejour\r\n            });\r\n    function toggleAdditionalFieldsVisibility() {\r\n                var hebergementValue = $(\"input[name='hebergement']:checked\").val();\r\n                \r\n                if (hebergementValue === \"yes\") {\r\n                    $(\"#additional-fields-container\").css(\"display\", \"block\");\r\n                } else {\r\n                    $(\"#additional-fields-container\").css(\"display\", \"none\");\r\n                }\r\n            }\r\n\r\n            \/\/ Initial visibility setup\r\n            toggleAdditionalFieldsVisibility();\r\n\r\n            \/\/ Add event listener for change in \"H\u00e9bergement\" selection\r\n            $(\"input[name='hebergement']\").on(\"change\", function() {\r\n                toggleAdditionalFieldsVisibility();\r\n            });\r\n\r\n                \/\/ Function to toggle visibility based on \"Votre s\u00e9jour\" selection\r\n                function toggleFieldsVisibility() {\r\n                    var sejourValue = $(\"#sejour\").val();\r\n\r\n                    if (sejourValue === \"itineraire\") {\r\n                        $(\"#selected-products-container\").css(\"display\", \"block\");\r\n                        $(\"#package-options-container\").css(\"display\", \"none\");\r\n                    } else if (sejourValue === \"package\") {\r\n                        $(\"#selected-products-container\").css(\"display\", \"none\");\r\n                        $(\"#package-options-container\").css(\"display\", \"block\");\r\n                    } else {\r\n                        $(\"#selected-products-container\").css(\"display\", \"none\");\r\n                        $(\"#package-options-container\").css(\"display\", \"none\");\r\n                    }\r\n                }\r\n\r\n                \/\/ Initial visibility setup\r\n                toggleFieldsVisibility();\r\n\r\n                \/\/ Add event listener for change in \"Votre s\u00e9jour\" selection\r\n                $(\"#sejour\").on(\"change\", function() {\r\n                    toggleFieldsVisibility();\r\n                });\r\n\r\n                \/\/ Retrieve and display selected products in checkboxes\r\n                var selectedProducts = [];\r\n                $(\"#selected-products-container select\").val(selectedProducts).trigger(\"change\");\r\n            });\r\n        });\r\n    <\/script><\/div>\n\t\t\t\t<\/div>\n\t\t\t\t<\/div>\n\t\t\t\t\t<\/div>\n\t\t\t\t<\/div>\n\t\t<div class=\"elementor-element elementor-element-179318a e-flex e-con-boxed e-con e-parent\" data-id=\"179318a\" data-element_type=\"container\" data-settings=\"{&quot;content_width&quot;:&quot;boxed&quot;}\" data-core-v316-plus=\"true\">\n\t\t\t\t\t<div class=\"e-con-inner\">\n\t\t<div class=\"elementor-element elementor-element-bd279ea e-con-full e-flex e-con e-child\" data-id=\"bd279ea\" data-element_type=\"container\" data-settings=\"{&quot;content_width&quot;:&quot;full&quot;}\">\n\t\t\t\t<div class=\"elementor-element elementor-element-d5653f5 elementor-widget elementor-widget-text-editor\" data-id=\"d5653f5\" data-element_type=\"widget\" data-widget_type=\"text-editor.default\">\n\t\t\t\t<div class=\"elementor-widget-container\">\n\t\t\t\t\t\t\t<p>@Tanzadream 2023 &#8211; Tous droits r\u00e9serv\u00e9s<\/p>\t\t\t\t\t\t<\/div>\n\t\t\t\t<\/div>\n\t\t\t\t<\/div>\n\t\t<div class=\"elementor-element elementor-element-6b950e9 e-con-full e-flex e-con e-child\" data-id=\"6b950e9\" data-element_type=\"container\" data-settings=\"{&quot;content_width&quot;:&quot;full&quot;}\">\n\t\t\t\t<div class=\"elementor-element elementor-element-c21377e elementor-nav-menu__align-right elementor-nav-menu--dropdown-none elementor-widget elementor-widget-nav-menu\" data-id=\"c21377e\" data-element_type=\"widget\" id=\"footer-txt\" data-settings=\"{&quot;layout&quot;:&quot;horizontal&quot;,&quot;submenu_icon&quot;:{&quot;value&quot;:&quot;&lt;i class=\\&quot;fas fa-caret-down\\&quot;&gt;&lt;\\\/i&gt;&quot;,&quot;library&quot;:&quot;fa-solid&quot;}}\" data-widget_type=\"nav-menu.default\">\n\t\t\t\t<div class=\"elementor-widget-container\">\n\t\t\t<link rel=\"stylesheet\" href=\"https:\/\/tanzadream.com\/wp-content\/plugins\/elementor-pro\/assets\/css\/widget-nav-menu.min.css\">\t\t\t<nav class=\"elementor-nav-menu--main elementor-nav-menu__container elementor-nav-menu--layout-horizontal e--pointer-none\">\n\t\t\t\t<ul id=\"menu-1-c21377e\" class=\"elementor-nav-menu\"><li class=\"menu-item menu-item-type-post_type menu-item-object-page menu-item-1491\"><a href=\"https:\/\/tanzadream.com\/fr_fr\/conditions-utilisation\/\" class=\"elementor-item\">Conditions g\u00e9n\u00e9rales<\/a><\/li>\n<\/ul>\t\t\t<\/nav>\n\t\t\t\t\t\t<nav class=\"elementor-nav-menu--dropdown elementor-nav-menu__container\" aria-hidden=\"true\">\n\t\t\t\t<ul id=\"menu-2-c21377e\" class=\"elementor-nav-menu\"><li class=\"menu-item menu-item-type-post_type menu-item-object-page menu-item-1491\"><a href=\"https:\/\/tanzadream.com\/fr_fr\/conditions-utilisation\/\" class=\"elementor-item\" tabindex=\"-1\">Conditions g\u00e9n\u00e9rales<\/a><\/li>\n<\/ul>\t\t\t<\/nav>\n\t\t\t\t<\/div>\n\t\t\t\t<\/div>\n\t\t\t\t<\/div>\n\t\t\t\t\t<\/div>\n\t\t\t\t<\/div>\n\t\t\t\t\t\t\t<\/div>\n\t\t","protected":false},"excerpt":{"rendered":"<p>Vous souhaitez rejoindre l&rsquo;aventure avec Tanzadream ? Remplissez le formulaire ci-dessous et nous vous contacterons rapidement afin de voir les modalit\u00e9s\u00a0 de votre s\u00e9jour ensemble ! @Tanzadream 2023 &#8211; Tous droits r\u00e9serv\u00e9s<\/p>\n","protected":false},"author":1,"featured_media":0,"parent":0,"menu_order":0,"comment_status":"closed","ping_status":"closed","template":"","meta":{"footnotes":""},"class_list":["post-966","page","type-page","status-publish","hentry"],"acf":[],"_links":{"self":[{"href":"https:\/\/tanzadream.com\/fr_fr\/wp-json\/wp\/v2\/pages\/966","targetHints":{"allow":["GET"]}}],"collection":[{"href":"https:\/\/tanzadream.com\/fr_fr\/wp-json\/wp\/v2\/pages"}],"about":[{"href":"https:\/\/tanzadream.com\/fr_fr\/wp-json\/wp\/v2\/types\/page"}],"author":[{"embeddable":true,"href":"https:\/\/tanzadream.com\/fr_fr\/wp-json\/wp\/v2\/users\/1"}],"replies":[{"embeddable":true,"href":"https:\/\/tanzadream.com\/fr_fr\/wp-json\/wp\/v2\/comments?post=966"}],"version-history":[{"count":107,"href":"https:\/\/tanzadream.com\/fr_fr\/wp-json\/wp\/v2\/pages\/966\/revisions"}],"predecessor-version":[{"id":1530,"href":"https:\/\/tanzadream.com\/fr_fr\/wp-json\/wp\/v2\/pages\/966\/revisions\/1530"}],"wp:attachment":[{"href":"https:\/\/tanzadream.com\/fr_fr\/wp-json\/wp\/v2\/media?parent=966"}],"curies":[{"name":"wp","href":"https:\/\/api.w.org\/{rel}","templated":true}]}}