{"id":1222,"date":"2023-11-11T11:43:32","date_gmt":"2023-11-11T10:43:32","guid":{"rendered":"https:\/\/tanzadream.com\/?post_type=product&#038;p=1222"},"modified":"2023-11-17T14:14:09","modified_gmt":"2023-11-17T13:14:09","slug":"spice-farm","status":"publish","type":"product","link":"https:\/\/tanzadream.com\/fr_fr\/informations\/spice-farm\/","title":{"rendered":"Spice farm"},"content":{"rendered":"<p>Plongez dans un monde ensorcelant o\u00f9 les parfums envo\u00fbtants et les saveurs exotiques prennent vie : bienvenue \u00e0 la Spice Farm de Zanzibar, un voyage sensoriel au c\u0153ur de l&rsquo;\u00eele aux \u00e9pices.<\/p>\n<h4>Un Patchwork d&rsquo;Ar\u00f4mes<\/h4>\n<p>Zanzibar est r\u00e9put\u00e9e pour ses plantations d&rsquo;\u00e9pices luxuriantes qui pars\u00e8ment l&rsquo;\u00eele de couleurs, de parfums et de saveurs enivrantes. La Spice Farm vous invite \u00e0 d\u00e9couvrir ce tr\u00e9sor naturel lors d&rsquo;une visite immersive qui \u00e9veillera vos sens.<\/p>\n<h4>Une Aventure Sensorielle<\/h4>\n<p>Lors de votre exploration de la Spice Farm, vous serez guid\u00e9 \u00e0 travers des sentiers verdoyants bord\u00e9s de plants de cannelle, de girofle, de vanille, de cardamome et bien d&rsquo;autres merveilles aromatiques. Vous en apprendrez davantage sur l&rsquo;histoire, la culture et les utilisations de ces \u00e9pices fascinantes qui ont fa\u00e7onn\u00e9 l&rsquo;histoire de Zanzibar.<\/p>\n<p>&nbsp;<\/p>\n<h4>R\u00e9servez Votre Voyage Sensoriel<\/h4>\n<p>Explorez les merveilles de la nature et comblez votre curiosit\u00e9 en r\u00e9servant d\u00e8s maintenant votre visite \u00e0 la Spice Farm de Zanzibar.<\/p>\n","protected":false},"excerpt":{"rendered":"<p>Plongez dans un monde ensorcelant o\u00f9 les parfums envo\u00fbtants et les saveurs exotiques prennent vie : bienvenue \u00e0 la Spice Farm de Zanzibar, un voyage sensoriel au c\u0153ur de l&rsquo;\u00eele aux \u00e9pices. Un Patchwork d&rsquo;Ar\u00f4mes Zanzibar est r\u00e9put\u00e9e pour ses plantations d&rsquo;\u00e9pices luxuriantes qui pars\u00e8ment l&rsquo;\u00eele de couleurs, de parfums et de saveurs enivrantes. La [&hellip;]<\/p>\n","protected":false},"featured_media":705,"template":"","meta":[],"product_cat":[43],"product_tag":[],"class_list":["post-1222","product","type-product","status-publish","has-post-thumbnail","hentry","product_cat-zanzibar"],"acf":[],"_links":{"self":[{"href":"https:\/\/tanzadream.com\/fr_fr\/wp-json\/wp\/v2\/product\/1222","targetHints":{"allow":["GET"]}}],"collection":[{"href":"https:\/\/tanzadream.com\/fr_fr\/wp-json\/wp\/v2\/product"}],"about":[{"href":"https:\/\/tanzadream.com\/fr_fr\/wp-json\/wp\/v2\/types\/product"}],"wp:featuredmedia":[{"embeddable":true,"href":"https:\/\/tanzadream.com\/fr_fr\/wp-json\/wp\/v2\/media\/705"}],"wp:attachment":[{"href":"https:\/\/tanzadream.com\/fr_fr\/wp-json\/wp\/v2\/media?parent=1222"}],"wp:term":[{"taxonomy":"product_cat","embeddable":true,"href":"https:\/\/tanzadream.com\/fr_fr\/wp-json\/wp\/v2\/product_cat?post=1222"},{"taxonomy":"product_tag","embeddable":true,"href":"https:\/\/tanzadream.com\/fr_fr\/wp-json\/wp\/v2\/product_tag?post=1222"}],"curies":[{"name":"wp","href":"https:\/\/api.w.org\/{rel}","templated":true}]}}