{"id":1606,"date":"2023-11-15T17:03:47","date_gmt":"2023-11-15T16:03:47","guid":{"rendered":"https:\/\/tanzadream.com\/?post_type=product&#038;p=1606"},"modified":"2023-11-16T09:00:27","modified_gmt":"2023-11-16T08:00:27","slug":"baraka-aquarium","status":"publish","type":"product","link":"https:\/\/tanzadream.com\/fr_fr\/informations\/baraka-aquarium\/","title":{"rendered":"Baraka Aquarium"},"content":{"rendered":"<p>Le Baraka Aquarium \u00e0 Zanzibar offre bien plus qu&rsquo;une simple observation marine. C&rsquo;est un sanctuaire d\u00e9di\u00e9 \u00e0 la r\u00e9habilitation des tortues marines, offrant une immersion \u00e9ducative\u00a0 dans le monde des tortues et de leur conservation.<\/p>\n<h4>R\u00e9habilitation des Tortues<\/h4>\n<p>Le Baraka Aquarium est un refuge pour les tortues marines bless\u00e9es, malades ou menac\u00e9es. Il s&rsquo;engage dans leur r\u00e9habilitation, offrant des soins attentionn\u00e9s et un environnement s\u00fbr pour leur gu\u00e9rison et leur pr\u00e9paration \u00e0 un retour dans leur habitat naturel.<\/p>\n<h4>Parc d&rsquo;Eau pour les Tortues<\/h4>\n<p>L&rsquo;aquarium abrite un parc d&rsquo;eau spacieux o\u00f9 les tortues sont soign\u00e9es et o\u00f9 les visiteurs peuvent les observer dans des conditions proches de leur milieu naturel. Cet espace offre une opportunit\u00e9 unique de voir de pr\u00e8s ces cr\u00e9atures majestueuses. Vous pourrez profiter d&rsquo;une baignade en leur compagnie.<\/p>\n<h4>Sensibilisation et \u00c9ducation<\/h4>\n<p>Outre la r\u00e9habilitation, le Baraka Aquarium s&rsquo;engage \u00e0 sensibiliser le public \u00e0 l&rsquo;importance de la pr\u00e9servation des tortues marines. Des programmes \u00e9ducatifs mettent en lumi\u00e8re les menaces qui p\u00e8sent sur ces esp\u00e8ces et encouragent les actions pour leur protection.<\/p>\n<h4>D\u00e9couverte Responsable<\/h4>\n<p>Les visiteurs ont la chance de voir les tortues en r\u00e9habilitation dans un cadre respectueux de leur bien-\u00eatre, tout en apprenant sur les d\u00e9fis auxquels ces esp\u00e8ces font face et sur les efforts de conservation n\u00e9cessaires pour leur survie.<\/p>\n<h4>Soutien \u00e0 la Conservation<\/h4>\n<p>Le Baraka Aquarium soutient activement des initiatives de conservation, contribuant ainsi \u00e0 la protection des habitats marins et \u00e0 la pr\u00e9servation des esp\u00e8ces menac\u00e9es, telles que les tortues marines, pour les g\u00e9n\u00e9rations futures.<\/p>\n<h4>Visitez et Soutenez<\/h4>\n<p>D\u00e9couvrez l&rsquo;histoire incroyable des tortues marines et soutenez leur r\u00e9habilitation en visitant le Baraka Aquarium.<\/p>\n<p>Le Baraka Aquarium est un refuge pour les tortues marines en r\u00e9habilitation, offrant aux visiteurs une occasion unique de soutenir leur conservation et de d\u00e9couvrir leur monde fascinant tout en contribuant \u00e0 leur bien-\u00eatre.<\/p>\n","protected":false},"excerpt":{"rendered":"<p>Le Baraka Aquarium \u00e0 Zanzibar offre bien plus qu&rsquo;une simple observation marine. C&rsquo;est un sanctuaire d\u00e9di\u00e9 \u00e0 la r\u00e9habilitation des tortues marines, offrant une immersion \u00e9ducative\u00a0 dans le monde des tortues et de leur conservation. R\u00e9habilitation des Tortues Le Baraka Aquarium est un refuge pour les tortues marines bless\u00e9es, malades ou menac\u00e9es. Il s&rsquo;engage dans [&hellip;]<\/p>\n","protected":false},"featured_media":1627,"template":"","meta":[],"product_cat":[43],"product_tag":[],"class_list":["post-1606","product","type-product","status-publish","has-post-thumbnail","hentry","product_cat-zanzibar"],"acf":[],"_links":{"self":[{"href":"https:\/\/tanzadream.com\/fr_fr\/wp-json\/wp\/v2\/product\/1606","targetHints":{"allow":["GET"]}}],"collection":[{"href":"https:\/\/tanzadream.com\/fr_fr\/wp-json\/wp\/v2\/product"}],"about":[{"href":"https:\/\/tanzadream.com\/fr_fr\/wp-json\/wp\/v2\/types\/product"}],"wp:featuredmedia":[{"embeddable":true,"href":"https:\/\/tanzadream.com\/fr_fr\/wp-json\/wp\/v2\/media\/1627"}],"wp:attachment":[{"href":"https:\/\/tanzadream.com\/fr_fr\/wp-json\/wp\/v2\/media?parent=1606"}],"wp:term":[{"taxonomy":"product_cat","embeddable":true,"href":"https:\/\/tanzadream.com\/fr_fr\/wp-json\/wp\/v2\/product_cat?post=1606"},{"taxonomy":"product_tag","embeddable":true,"href":"https:\/\/tanzadream.com\/fr_fr\/wp-json\/wp\/v2\/product_tag?post=1606"}],"curies":[{"name":"wp","href":"https:\/\/api.w.org\/{rel}","templated":true}]}}