{"id":1731,"date":"2026-01-30T14:23:01","date_gmt":"2026-01-30T13:23:01","guid":{"rendered":"https:\/\/tanzadream.com\/?post_type=product&#038;p=1731"},"modified":"2026-01-30T14:23:01","modified_gmt":"2026-01-30T13:23:01","slug":"morogoro-tour","status":"publish","type":"product","link":"https:\/\/tanzadream.com\/fr_fr\/informations\/morogoro-tour\/","title":{"rendered":"Morogoro Tour"},"content":{"rendered":"<h2 data-start=\"1175\" data-end=\"1246\">\ud83c\udf04 Pourquoi d\u00e9couvrir Morogoro &amp; les Monts Uluguru avec Tanzadream ?<\/h2>\n<h3 data-start=\"1248\" data-end=\"1307\">\ud83e\udd7e Randonn\u00e9es dans les for\u00eats primaires des Eastern Arc<\/h3>\n<p data-start=\"1308\" data-end=\"1442\">Explorez des paysages spectaculaires au c\u0153ur de r\u00e9serves naturelles class\u00e9es parmi les plus importantes au monde pour la biodiversit\u00e9.<\/p>\n<ul data-start=\"1444\" data-end=\"1676\">\n<li data-start=\"1444\" data-end=\"1490\">\n<p data-start=\"1446\" data-end=\"1490\">Randonn\u00e9es guid\u00e9es dans la for\u00eat d\u2019Uluguru<\/p>\n<\/li>\n<li data-start=\"1491\" data-end=\"1547\">\n<p data-start=\"1493\" data-end=\"1547\">Ascension de sommets comme <strong data-start=\"1520\" data-end=\"1545\">Bondwa Peak (2 170 m)<\/strong><\/p>\n<\/li>\n<li data-start=\"1548\" data-end=\"1604\">\n<p data-start=\"1550\" data-end=\"1604\">D\u00e9couverte de cascades naturelles (Choma Waterfalls)<\/p>\n<\/li>\n<li data-start=\"1605\" data-end=\"1676\">\n<p data-start=\"1607\" data-end=\"1676\">For\u00eats denses, v\u00e9g\u00e9tation submontagnarde et panoramas exceptionnels<\/p>\n<\/li>\n<\/ul>\n<hr data-start=\"1678\" data-end=\"1681\" \/>\n<h3 data-start=\"1683\" data-end=\"1726\">\ud83c\udf31 Un haut lieu mondial de biodiversit\u00e9<\/h3>\n<p data-start=\"1727\" data-end=\"1872\">Les Eastern Arc Mountains sont reconnues comme un <strong data-start=\"1777\" data-end=\"1812\">hotspot mondial de biodiversit\u00e9<\/strong>, avec de nombreuses esp\u00e8ces end\u00e9miques, certaines menac\u00e9es.<\/p>\n<ul data-start=\"1874\" data-end=\"2050\">\n<li data-start=\"1874\" data-end=\"1918\">\n<p data-start=\"1876\" data-end=\"1918\">Observation de flore et faune end\u00e9miques<\/p>\n<\/li>\n<li data-start=\"1919\" data-end=\"1956\">\n<p data-start=\"1921\" data-end=\"1956\">Sensibilisation \u00e0 la conservation<\/p>\n<\/li>\n<li data-start=\"1957\" data-end=\"1998\">\n<p data-start=\"1959\" data-end=\"1998\">Herping tours (amphibiens &amp; reptiles)<\/p>\n<\/li>\n<li data-start=\"1999\" data-end=\"2050\">\n<p data-start=\"2001\" data-end=\"2050\">D\u00e9couverte des \u00e9cosyst\u00e8mes forestiers tropicaux<\/p>\n<\/li>\n<\/ul>\n<hr data-start=\"2052\" data-end=\"2055\" \/>\n<h3 data-start=\"2057\" data-end=\"2098\">\ud83e\udd1d Immersion culturelle et vie locale<\/h3>\n<p data-start=\"2099\" data-end=\"2234\">Ce s\u00e9jour va bien au-del\u00e0 de la randonn\u00e9e : vous partagez le quotidien des communaut\u00e9s locales, dans un esprit d\u2019\u00e9change et de respect.<\/p>\n<ul data-start=\"2236\" data-end=\"2450\">\n<li data-start=\"2236\" data-end=\"2311\">\n<p data-start=\"2238\" data-end=\"2311\">Participation \u00e0 des activit\u00e9s agricoles (fraises, \u00e9pices, horticulture)<\/p>\n<\/li>\n<li data-start=\"2312\" data-end=\"2350\">\n<p data-start=\"2314\" data-end=\"2350\">Ateliers de cuisine traditionnelle<\/p>\n<\/li>\n<li data-start=\"2351\" data-end=\"2403\">\n<p data-start=\"2353\" data-end=\"2403\">Danses locales (ngoma) et rencontres culturelles<\/p>\n<\/li>\n<li data-start=\"2404\" data-end=\"2450\">\n<p data-start=\"2406\" data-end=\"2450\">Visite de fermes biologiques et p\u00e9pini\u00e8res<\/p>\n<\/li>\n<\/ul>\n<hr data-start=\"2452\" data-end=\"2455\" \/>\n<h3 data-start=\"2457\" data-end=\"2499\">\ud83c\udfd5\ufe0f Nuit en camping dans les montagnes<\/h3>\n<p data-start=\"2500\" data-end=\"2594\">Vivez une exp\u00e9rience nature compl\u00e8te avec une nuit en camping au c\u0153ur des montagnes d\u2019Uluguru.<\/p>\n<ul data-start=\"2596\" data-end=\"2763\">\n<li data-start=\"2596\" data-end=\"2637\">\n<p data-start=\"2598\" data-end=\"2637\">Camping encadr\u00e9 par des guides locaux<\/p>\n<\/li>\n<li data-start=\"2638\" data-end=\"2687\">\n<p data-start=\"2640\" data-end=\"2687\">Mat\u00e9riel fourni (matelas, draps, \u00e9quipements)<\/p>\n<\/li>\n<li data-start=\"2688\" data-end=\"2719\">\n<p data-start=\"2690\" data-end=\"2719\">Repas locaux et biologiques<\/p>\n<\/li>\n<li data-start=\"2720\" data-end=\"2763\">\n<p data-start=\"2722\" data-end=\"2763\">Ambiance conviviale et immersion totale<\/p>\n<\/li>\n<\/ul>\n<hr data-start=\"2765\" data-end=\"2768\" \/>\n<h2 data-start=\"2770\" data-end=\"2812\">\u2728 Une exp\u00e9rience responsable et engag\u00e9e<\/h2>\n<p data-start=\"2814\" data-end=\"2849\">Ce programme soutient directement :<\/p>\n<ul data-start=\"2851\" data-end=\"3008\">\n<li data-start=\"2851\" data-end=\"2872\">\n<p data-start=\"2853\" data-end=\"2872\">L\u2019\u00e9conomie locale<\/p>\n<\/li>\n<li data-start=\"2873\" data-end=\"2902\">\n<p data-start=\"2875\" data-end=\"2902\">Les communaut\u00e9s agricoles<\/p>\n<\/li>\n<li data-start=\"2903\" data-end=\"2956\">\n<p data-start=\"2905\" data-end=\"2956\">La restauration des for\u00eats et r\u00e9serves naturelles<\/p>\n<\/li>\n<li data-start=\"2957\" data-end=\"3008\">\n<p data-start=\"2959\" data-end=\"3008\">Les projets de sensibilisation environnementale<\/p>\n<\/li>\n<\/ul>\n<p data-start=\"3010\" data-end=\"3088\">Chaque s\u00e9jour contribue concr\u00e8tement \u00e0 la protection de cet \u00e9cosyst\u00e8me unique.<\/p>\n<p data-start=\"3388\" data-end=\"3446\">\n","protected":false},"excerpt":{"rendered":"<p>\ud83c\udf04 Pourquoi d\u00e9couvrir Morogoro &amp; les Monts Uluguru avec Tanzadream ? \ud83e\udd7e Randonn\u00e9es dans les for\u00eats primaires des Eastern Arc Explorez des paysages spectaculaires au c\u0153ur de r\u00e9serves naturelles class\u00e9es parmi les plus importantes au monde pour la biodiversit\u00e9. Randonn\u00e9es guid\u00e9es dans la for\u00eat d\u2019Uluguru Ascension de sommets comme Bondwa Peak (2 170 m) D\u00e9couverte [&hellip;]<\/p>\n","protected":false},"featured_media":1732,"template":"","meta":[],"product_cat":[42],"product_tag":[],"class_list":["post-1731","product","type-product","status-publish","has-post-thumbnail","hentry","product_cat-tanzanie"],"acf":[],"_links":{"self":[{"href":"https:\/\/tanzadream.com\/fr_fr\/wp-json\/wp\/v2\/product\/1731","targetHints":{"allow":["GET"]}}],"collection":[{"href":"https:\/\/tanzadream.com\/fr_fr\/wp-json\/wp\/v2\/product"}],"about":[{"href":"https:\/\/tanzadream.com\/fr_fr\/wp-json\/wp\/v2\/types\/product"}],"wp:featuredmedia":[{"embeddable":true,"href":"https:\/\/tanzadream.com\/fr_fr\/wp-json\/wp\/v2\/media\/1732"}],"wp:attachment":[{"href":"https:\/\/tanzadream.com\/fr_fr\/wp-json\/wp\/v2\/media?parent=1731"}],"wp:term":[{"taxonomy":"product_cat","embeddable":true,"href":"https:\/\/tanzadream.com\/fr_fr\/wp-json\/wp\/v2\/product_cat?post=1731"},{"taxonomy":"product_tag","embeddable":true,"href":"https:\/\/tanzadream.com\/fr_fr\/wp-json\/wp\/v2\/product_tag?post=1731"}],"curies":[{"name":"wp","href":"https:\/\/api.w.org\/{rel}","templated":true}]}}